

{"id":1317,"date":"2023-06-20T11:28:06","date_gmt":"2023-06-20T14:28:06","guid":{"rendered":"https:\/\/frgemnumeros.indespar.com.br\/es\/?page_id=1317"},"modified":"2023-08-04T09:10:55","modified_gmt":"2023-08-04T12:10:55","slug":"historia","status":"publish","type":"page","link":"https:\/\/frgemnumeros.indespar.com.br\/es\/historia\/","title":{"rendered":"HISTORIA"},"content":{"rendered":"<p>[vc_row][vc_column]<div class=\"clearboth\"><\/div><style>#thegem-divider-69fa21b159ca6 {margin-top: 30px !important;}<\/style><div id=\"thegem-divider-69fa21b159ca6\" class=\"gem-divider  \" style=\"\"><\/div>[vc_column_text]<\/p>\n<div class=\"title-h2\"><span class=\"Y2IQFc\" lang=\"es\">HISTORIA<br \/>\n<\/span><strong><span class=\"light\" style=\"color: #eba900;\"><del>\u00a0 \u00a0 \u00a0 \u00a0 \u00a0 \u00a0<\/del><\/span><\/strong><\/div>\n<p>[\/vc_column_text][vc_column_text]A principios del siglo XVI, solo hab\u00eda tierras ind\u00edgenas en la regi\u00f3n, una de las cuales era la aldea CAPOCU, cuyas tierras pertenec\u00edan al gobierno del 5\u00ba Distrito de S\u00e3o Paulo. En 1800, junto a la hacienda CAPOCU, otra hacienda fue llamada RIO GRANDE, o GRANDE RIO, porque se desarrollaba a orillas del r\u00edo Iguaz\u00fa.<\/p>\n<p>Estos dos pueblos, originados por las dos haciendas, pasaron a ser conocidos como Fazenda Rio Grande, que junto con otros pueblos de esta regi\u00f3n, el 25 de julio de 1960, fueron desmembrados de S\u00e3o Jos\u00e9 dos Pinhais, formando el Municipio de Mandirituba. En 1981, mediante la Ley 7521, publicada en el Organismo Oficial del Estado N\u00ba 1.171, el 17 de noviembre de 1981, firmada por el entonces Gobernador Ney Braga, Fazenda Rio Grande pas\u00f3 a ser Distrito Administrativo del Municipio de Mandirituba. La emancipaci\u00f3n de la Fazenda Rio Grande se debe a un contexto socioecon\u00f3mico espec\u00edfico, que est\u00e1 ligado al crecimiento de la Gran Curitiba a fines de la d\u00e9cada de 1970.<\/p>\n<p>A partir de 1975, con la casi erradicaci\u00f3n de la producci\u00f3n de caf\u00e9 en la Regi\u00f3n Norte de Paran\u00e1, hubo un gran movimiento de \u00e9xodo rural en el Estado, que atrajo a muchas personas a la Regi\u00f3n Metropolitana de Curitiba. El Municipio de Fazenda Rio Grande comenz\u00f3 a hacerse realidad el 15 de septiembre de 1989, a trav\u00e9s del Proyecto de Ley N\u00b0 229\/89, de autor\u00eda del Diputado de Estado An\u00edbal Khury.<\/p>\n<p>El 26 de enero de 1990, mediante Ley Estatal n\u00ba 9.213, sancionada por el entonces Gobernador \u00c1lvaro Fernandes Dias, en el local de Churrascar\u00eda 22, ante la presencia de m\u00e1s de tres mil testigos, se crea el municipio de Fazenda Rio Grande. Hoy Fazenda Rio Grande se caracteriza por ser uno de los municipios brasile\u00f1os de mayor crecimiento, con un crecimiento demogr\u00e1fico de alrededor del 10% anual, siendo la sede de la Comarca desde 1999. La instalaci\u00f3n del Municipio tuvo lugar el 12 de abril de 1991, en 13h30 en el Foro del Distrito de S\u00e3o Jos\u00e9 dos Pinhais, por el entonces Juez de Derecho Dr. Raul Luiz Gutmann, publicado en el Diario da Justicia mediante decreto n\u00ba 360.[\/vc_column_text][vc_column_text]<\/p>\n<div style=\"text-align: justify;\">\n<p style=\"text-align: right;\"><em>Fuente: Instituto Brasile\u00f1o de Geograf\u00eda y Estad\u00edstica &#8211; IBGE<\/em><\/p>\n<\/div>\n<p>[\/vc_column_text]<div class=\"clearboth\"><\/div><style>#thegem-divider-69fa21b159e1b {margin-top: 30px !important;}<\/style><div id=\"thegem-divider-69fa21b159e1b\" class=\"gem-divider  \" style=\"\"><\/div>[\/vc_column][\/vc_row]<\/p>\n","protected":false},"excerpt":{"rendered":"<p>[vc_row][vc_column][vc_column_text] HISTORIA \u00a0 \u00a0 \u00a0 \u00a0 \u00a0 \u00a0 [\/vc_column_text][vc_column_text]A principios del siglo XVI, solo hab\u00eda tierras ind\u00edgenas en la regi\u00f3n,&#8230;<\/p>\n","protected":false},"author":1,"featured_media":0,"parent":0,"menu_order":0,"comment_status":"closed","ping_status":"closed","template":"","meta":[],"_links":{"self":[{"href":"https:\/\/frgemnumeros.indespar.com.br\/es\/wp-json\/wp\/v2\/pages\/1317"}],"collection":[{"href":"https:\/\/frgemnumeros.indespar.com.br\/es\/wp-json\/wp\/v2\/pages"}],"about":[{"href":"https:\/\/frgemnumeros.indespar.com.br\/es\/wp-json\/wp\/v2\/types\/page"}],"author":[{"embeddable":true,"href":"https:\/\/frgemnumeros.indespar.com.br\/es\/wp-json\/wp\/v2\/users\/1"}],"replies":[{"embeddable":true,"href":"https:\/\/frgemnumeros.indespar.com.br\/es\/wp-json\/wp\/v2\/comments?post=1317"}],"version-history":[{"count":20,"href":"https:\/\/frgemnumeros.indespar.com.br\/es\/wp-json\/wp\/v2\/pages\/1317\/revisions"}],"predecessor-version":[{"id":2345,"href":"https:\/\/frgemnumeros.indespar.com.br\/es\/wp-json\/wp\/v2\/pages\/1317\/revisions\/2345"}],"wp:attachment":[{"href":"https:\/\/frgemnumeros.indespar.com.br\/es\/wp-json\/wp\/v2\/media?parent=1317"}],"curies":[{"name":"wp","href":"https:\/\/api.w.org\/{rel}","templated":true}]}}