

{"id":1319,"date":"2023-06-20T11:28:46","date_gmt":"2023-06-20T14:28:46","guid":{"rendered":"https:\/\/frgemnumeros.indespar.com.br\/es\/?page_id=1319"},"modified":"2023-08-04T09:16:09","modified_gmt":"2023-08-04T12:16:09","slug":"hino-e-brasao","status":"publish","type":"page","link":"https:\/\/frgemnumeros.indespar.com.br\/es\/hino-e-brasao\/","title":{"rendered":"HIMNO Y ESCUDO DE ARMAS"},"content":{"rendered":"<p>[vc_row][vc_column width=&#8221;1\/2&#8243;]<div class=\"clearboth\"><\/div><style>#thegem-divider-69fa3912d012d {margin-top: 30px !important;}<\/style><div id=\"thegem-divider-69fa3912d012d\" class=\"gem-divider  \" style=\"\"><\/div>[vc_single_image image=&#8221;1658&#8243; img_size=&#8221;600X600&#8243; alignment=&#8221;center&#8221; css_animation=&#8221;fadeInUp&#8221;][\/vc_column][vc_column width=&#8221;1\/2&#8243;]<div class=\"clearboth\"><\/div><style>#thegem-divider-69fa3912d028c {margin-top: 30px !important;}<\/style><div id=\"thegem-divider-69fa3912d028c\" class=\"gem-divider  \" style=\"\"><\/div>[vc_single_image image=&#8221;1659&#8243; img_size=&#8221;600X600&#8243; alignment=&#8221;center&#8221; css_animation=&#8221;fadeInUp&#8221;][\/vc_column][\/vc_row][vc_row][vc_column]<div class=\"clearboth\"><\/div><style>#thegem-divider-69fa3912d02a3 {margin-top: 10px !important;}<\/style><div id=\"thegem-divider-69fa3912d02a3\" class=\"gem-divider  \" style=\"\"><\/div>[vc_column_text]<\/p>\n<div id=\"comp-lix175lb\" class=\"KcpHeO tz5f0K comp-lix175lb wixui-rich-text title-h2\" data-testid=\"richTextElement\"><span class=\"color_13 wixui-rich-text__text\"><span class=\"wixui-rich-text__text\">Himno<br \/>\n<\/span><\/span><span style=\"color: #eba900;\"><del>\u00a0 \u00a0 \u00a0 \u00a0 \u00a0 \u00a0<\/del><\/span><\/div>\n<p>[\/vc_column_text]<div class=\"clearboth\"><\/div><style>#thegem-divider-69fa3912d02b3 {margin-top: 10px !important;}<\/style><div id=\"thegem-divider-69fa3912d02b3\" class=\"gem-divider  \" style=\"\"><\/div>[\/vc_column][\/vc_row][vc_row][vc_column width=&#8221;1\/2&#8243;]<div class=\"clearboth\"><\/div><style>#thegem-divider-69fa3912d02c3 {margin-top: 12px !important;}<\/style><div id=\"thegem-divider-69fa3912d02c3\" class=\"gem-divider  \" style=\"\"><\/div>[vc_column_text]De las fuentes del r\u00edo Iguaz\u00fa<br \/>\nY los indios que aqu\u00ed viv\u00edan<br \/>\nSurgen los pioneros de la tierra<br \/>\nCapucu al principio la llamaban<\/p>\n<p>Por el camino de los nobles tropeiros<br \/>\nQue Fazenda Rio Grande alberg\u00f3<br \/>\nCr\u00eda de caballos de carrera<br \/>\nEconom\u00eda que empez\u00f3 aqu\u00ed<\/p>\n<p>Coro<\/p>\n<p>Gente sencilla y trabajadora[\/vc_column_text]<div class=\"clearboth\"><\/div><style>#thegem-divider-69fa3912d02d0 {margin-top: 10px !important;}<\/style><div id=\"thegem-divider-69fa3912d02d0\" class=\"gem-divider  \" style=\"\"><\/div>[\/vc_column][vc_column width=&#8221;1\/2&#8243;]<div class=\"clearboth\"><\/div><style>#thegem-divider-69fa3912d02dd {margin-top: 10px !important;}<\/style><div id=\"thegem-divider-69fa3912d02dd\" class=\"gem-divider  \" style=\"\"><\/div>[vc_column_text]Que ven\u00eda de todos los rincones<br \/>\nHacer la granja del coraz\u00f3n<br \/>\nAnfitri\u00f3n del inmenso Brasil<\/p>\n<p>Alfarer\u00eda y agricultores<br \/>\nDieron impulso a la fase industrial<br \/>\nNoble cuna rinc\u00f3n de flores<br \/>\nDespert\u00e9w junto a la capital<\/p>\n<p>En la bandera de colores y s\u00edmbolos<br \/>\nImprimimos tu belleza<br \/>\nEn el ideal de una ciudad joven<br \/>\nEl trabajo es nuestra riqueza.[\/vc_column_text]<div class=\"clearboth\"><\/div><style>#thegem-divider-69fa3912d02ea {margin-top: 10px !important;}<\/style><div id=\"thegem-divider-69fa3912d02ea\" class=\"gem-divider  \" style=\"\"><\/div>[\/vc_column][\/vc_row][vc_row][vc_column][vc_column_text]<\/p>\n<p style=\"text-align: right;\"><span class=\"light\"><i>Letra de <span id=\"header_author_text\" class=\"vcard\"><span class=\"fn\">Jo\u00e3o Peres.<\/span><\/span><\/i><\/span><\/p>\n<p>[\/vc_column_text]<div class=\"clearboth\"><\/div><style>#thegem-divider-69fa3912d02f6 {margin-top: 30px !important;}<\/style><div id=\"thegem-divider-69fa3912d02f6\" class=\"gem-divider  \" style=\"\"><\/div>[\/vc_column][\/vc_row]<\/p>\n","protected":false},"excerpt":{"rendered":"<p>[vc_row][vc_column width=&#8221;1\/2&#8243;][vc_single_image image=&#8221;1658&#8243; img_size=&#8221;600X600&#8243; alignment=&#8221;center&#8221; css_animation=&#8221;fadeInUp&#8221;][\/vc_column][vc_column width=&#8221;1\/2&#8243;][vc_single_image image=&#8221;1659&#8243; img_size=&#8221;600X600&#8243; alignment=&#8221;center&#8221; css_animation=&#8221;fadeInUp&#8221;][\/vc_column][\/vc_row][vc_row][vc_column][vc_column_text] Himno \u00a0 \u00a0 \u00a0 \u00a0 \u00a0 \u00a0 [\/vc_column_text][\/vc_column][\/vc_row][vc_row][vc_column width=&#8221;1\/2&#8243;][vc_column_text]De&#8230;<\/p>\n","protected":false},"author":1,"featured_media":0,"parent":0,"menu_order":0,"comment_status":"closed","ping_status":"closed","template":"","meta":[],"_links":{"self":[{"href":"https:\/\/frgemnumeros.indespar.com.br\/es\/wp-json\/wp\/v2\/pages\/1319"}],"collection":[{"href":"https:\/\/frgemnumeros.indespar.com.br\/es\/wp-json\/wp\/v2\/pages"}],"about":[{"href":"https:\/\/frgemnumeros.indespar.com.br\/es\/wp-json\/wp\/v2\/types\/page"}],"author":[{"embeddable":true,"href":"https:\/\/frgemnumeros.indespar.com.br\/es\/wp-json\/wp\/v2\/users\/1"}],"replies":[{"embeddable":true,"href":"https:\/\/frgemnumeros.indespar.com.br\/es\/wp-json\/wp\/v2\/comments?post=1319"}],"version-history":[{"count":16,"href":"https:\/\/frgemnumeros.indespar.com.br\/es\/wp-json\/wp\/v2\/pages\/1319\/revisions"}],"predecessor-version":[{"id":2346,"href":"https:\/\/frgemnumeros.indespar.com.br\/es\/wp-json\/wp\/v2\/pages\/1319\/revisions\/2346"}],"wp:attachment":[{"href":"https:\/\/frgemnumeros.indespar.com.br\/es\/wp-json\/wp\/v2\/media?parent=1319"}],"curies":[{"name":"wp","href":"https:\/\/api.w.org\/{rel}","templated":true}]}}