

{"id":1321,"date":"2023-06-20T11:29:28","date_gmt":"2023-06-20T14:29:28","guid":{"rendered":"https:\/\/frgemnumeros.indespar.com.br\/es\/?page_id=1321"},"modified":"2023-08-04T09:22:14","modified_gmt":"2023-08-04T12:22:14","slug":"aspectos-territoriais","status":"publish","type":"page","link":"https:\/\/frgemnumeros.indespar.com.br\/es\/aspectos-territoriais\/","title":{"rendered":"ASPECTOS TERRITORIALES"},"content":{"rendered":"<p>[vc_row][vc_column]<div class=\"clearboth\"><\/div><style>#thegem-divider-69fa38927af32 {margin-top: 50px !important;}<\/style><div id=\"thegem-divider-69fa38927af32\" class=\"gem-divider  \" style=\"\"><\/div>[\/vc_column][\/vc_row][vc_row][vc_column]<div class=\"clearboth\"><\/div><style>#thegem-divider-69fa38927b130 {margin-top: 30px !important;}<\/style><div id=\"thegem-divider-69fa38927b130\" class=\"gem-divider  \" style=\"\"><\/div>[vc_column_text]<\/p>\n<div class=\"title-h2\">\n<div id=\"tw-target-text-container\" class=\"tw-ta-container F0azHf tw-nfl\" tabindex=\"0\"><span class=\"Y2IQFc\" lang=\"es\">ASPECTOS TERRITORIALES<\/span><\/div>\n<p><span style=\"color: #eba900;\"><del>\u00a0 \u00a0 \u00a0 \u00a0 \u00a0 \u00a0<\/del><\/span><\/p>\n<\/div>\n<p>[\/vc_column_text]<div class=\"gem-table gem-table-responsive gem-table-style-2 row-headers\"><table width=\"625\">\n<tbody>\n<tr>\n<td width=\"242\"><strong>Aspectos<\/strong><\/td>\n<td colspan=\"2\" width=\"383\"><strong>Indicadores<\/strong><\/td>\n<\/tr>\n<tr>\n<td width=\"242\"><strong>Municipio C\u00f3digo IBGE<\/strong><\/td>\n<td colspan=\"2\" width=\"383\">4107652<\/td>\n<\/tr>\n<tr>\n<td width=\"242\"><strong>Microrregi\u00f3n<\/strong><\/td>\n<td colspan=\"2\" width=\"383\">Curitiba<\/td>\n<\/tr>\n<tr>\n<td width=\"242\"><strong>Mesorregi\u00f3n<\/strong><\/td>\n<td colspan=\"2\" width=\"383\">Metropolitano de Curitiba<\/td>\n<\/tr>\n<tr>\n<td width=\"242\"><strong>Longitud<\/strong><\/td>\n<td colspan=\"2\" width=\"383\">49\u00b0 18\u2032 28\u2033<\/td>\n<\/tr>\n<tr>\n<td width=\"242\"><strong>Latitud<\/strong><\/td>\n<td colspan=\"2\" width=\"383\">25\u00b0 39\u2032 28\u2033<\/td>\n<\/tr>\n<tr>\n<td width=\"242\"><strong>Altitud en relaci\u00f3n con el nivel del mar<\/strong><\/td>\n<td colspan=\"2\" width=\"383\">887 metros<\/td>\n<\/tr>\n<tr>\n<td width=\"242\"><strong>Distritos<\/strong><\/td>\n<td colspan=\"2\" width=\"383\">Fazenda Rio Grande<\/td>\n<\/tr>\n<tr>\n<td width=\"242\"><strong>Distancia desde la capital del estado<\/strong><\/td>\n<td colspan=\"2\" width=\"383\">31 km<\/td>\n<\/tr>\n<tr>\n<td width=\"242\"><strong>Poblaci\u00f3n estimada en 2022<\/strong><\/td>\n<td colspan=\"2\" width=\"383\">148.873 poblaci\u00f3n<\/td>\n<\/tr>\n<tr>\n<td width=\"242\"><strong>\u00c1rea geogr\u00e1fica<\/strong><\/td>\n<td colspan=\"2\" width=\"383\">117 km\u00b2<\/td>\n<\/tr>\n<tr>\n<td width=\"242\"><strong>Densidad demogr\u00e1fica<\/strong><\/td>\n<td colspan=\"2\" width=\"383\">1.276 poblaci\u00f3n \/km\u00b2<\/td>\n<\/tr>\n<tr>\n<td width=\"242\"><strong>L\u00edmites<\/strong><\/td>\n<td colspan=\"2\" width=\"383\">Mandirituba, Arauc\u00e1ria, S\u00e3o Jos\u00e9 dos Pinhais y Curitiba.<\/td>\n<\/tr>\n<tr>\n<td width=\"242\"><strong>Hidrograf\u00eda<\/strong><\/td>\n<td colspan=\"2\" width=\"383\">El municipio de Fazenda Rio Grande est\u00e1 totalmente inserto en la cuenca hidrogr\u00e1fica del r\u00edo Iguaz\u00fa, sub cuenca 65 de la cuenca hidrogr\u00e1fica del r\u00edo Paran\u00e1 &#8211; cuenca 6.<\/td>\n<\/tr>\n<tr>\n<td width=\"242\"><strong>Hidrograf\u00eda<\/strong><\/td>\n<td colspan=\"2\" width=\"383\">El municipio tambi\u00e9n est\u00e1 ubicado en la Meseta del Alto Iguaz\u00fa, inserto en la unidad geomorfol\u00f3gica de la Primera Meseta de Paran\u00e1. En general, el relieve de la Meseta del Alto Iguaz\u00fa tiene una topograf\u00eda plana con elevaciones bruscas, caracteriz\u00e1ndose por tener baja disecci\u00f3n, con predominio de pendientes convexas, cimas alargadas y aplanadas, valles abiertos en forma de V y gradiente de altitud de 140 m.<\/td>\n<\/tr>\n<tr>\n<td width=\"242\"><strong>Clima<\/strong><\/td>\n<td colspan=\"2\" width=\"383\">El clima en la regi\u00f3n del municipio de Fazenda Rio Grande, seg\u00fan la clasificaci\u00f3n de Koppen, es Cfb-subtropical h\u00famedo, meso termal, sin estaci\u00f3n seca, alternando versiones con temperaturas frescas e inviernos relativamente fr\u00edos con frecuentes heladas.<\/p>\n<p>La precipitaci\u00f3n media anual en la RMC es de 1.400 mm, la temperatura oscila entre los 12\u00b0 y los 23\u00b0C, y la humedad relativa promedia entre el 82% y el 84%.<\/td>\n<\/tr>\n<tr>\n<td width=\"242\"><strong>Vegetaci\u00f3n<\/strong><\/td>\n<td colspan=\"2\" width=\"383\">De acuerdo con la clasificaci\u00f3n de la vegetaci\u00f3n propuesta por el IBGE, para el municipio de Fazenda Rio Grande, se observan las siguientes formaciones: Bosque Aluvial Mixto Ombr\u00f3filo y Formaciones Pioneras con Influencia Fluvial. Actualmente, estas formaciones sufren una intensa presi\u00f3n antr\u00f3pica y se encuentran fragmentadas en el \u00e1rea de estudio.<\/td>\n<\/tr>\n<tr>\n<td width=\"242\"><strong>Desmembrado de&#8230; <\/strong><\/td>\n<td colspan=\"2\" width=\"383\">Mandirituba<\/td>\n<\/tr>\n<tr>\n<td width=\"242\"><strong>Fecha de fundaci\u00f3n<\/strong><\/td>\n<td colspan=\"2\" width=\"383\">26 de enero de 1990<\/td>\n<\/tr>\n<tr>\n<td width=\"242\"><strong>Edad del municipio<\/strong><\/td>\n<td colspan=\"2\" width=\"383\">33 a\u00f1os<\/td>\n<\/tr>\n<tr>\n<td width=\"242\"><strong>Denominaci\u00f3n de Habitantes<\/strong><\/td>\n<td width=\"332\">Fazendenses<\/td>\n<td width=\"51\"><\/td>\n<\/tr>\n<tr>\n<td width=\"242\"><strong>Patrona<\/strong><\/td>\n<td colspan=\"2\" width=\"383\">S\u00e3o Gabriel da Virgen Dolorosa<\/td>\n<\/tr>\n<\/tbody>\n<\/table>\n<\/div>[vc_column_text]<\/p>\n<div style=\"text-align: right;\">\n<p><em>Fuentes: Gobierno del Estado de Paran\u00e1, Alcald\u00eda, Instituto Brasile\u00f1o de Geograf\u00eda y Estad\u00edstica \u2013 IBGE.<\/em><\/p>\n<\/div>\n<p>[\/vc_column_text]<div class=\"clearboth\"><\/div><style>#thegem-divider-69fa38927b2eb {margin-top: 30px !important;}<\/style><div id=\"thegem-divider-69fa38927b2eb\" class=\"gem-divider  \" style=\"\"><\/div>[\/vc_column][\/vc_row]<\/p>\n","protected":false},"excerpt":{"rendered":"<p>[vc_row][vc_column][\/vc_column][\/vc_row][vc_row][vc_column][vc_column_text] ASPECTOS TERRITORIALES \u00a0 \u00a0 \u00a0 \u00a0 \u00a0 \u00a0 [\/vc_column_text][vc_column_text] Fuentes: Gobierno del Estado de Paran\u00e1, Alcald\u00eda, Instituto Brasile\u00f1o de&#8230;<\/p>\n","protected":false},"author":1,"featured_media":0,"parent":0,"menu_order":0,"comment_status":"closed","ping_status":"closed","template":"","meta":[],"_links":{"self":[{"href":"https:\/\/frgemnumeros.indespar.com.br\/es\/wp-json\/wp\/v2\/pages\/1321"}],"collection":[{"href":"https:\/\/frgemnumeros.indespar.com.br\/es\/wp-json\/wp\/v2\/pages"}],"about":[{"href":"https:\/\/frgemnumeros.indespar.com.br\/es\/wp-json\/wp\/v2\/types\/page"}],"author":[{"embeddable":true,"href":"https:\/\/frgemnumeros.indespar.com.br\/es\/wp-json\/wp\/v2\/users\/1"}],"replies":[{"embeddable":true,"href":"https:\/\/frgemnumeros.indespar.com.br\/es\/wp-json\/wp\/v2\/comments?post=1321"}],"version-history":[{"count":27,"href":"https:\/\/frgemnumeros.indespar.com.br\/es\/wp-json\/wp\/v2\/pages\/1321\/revisions"}],"predecessor-version":[{"id":1784,"href":"https:\/\/frgemnumeros.indespar.com.br\/es\/wp-json\/wp\/v2\/pages\/1321\/revisions\/1784"}],"wp:attachment":[{"href":"https:\/\/frgemnumeros.indespar.com.br\/es\/wp-json\/wp\/v2\/media?parent=1321"}],"curies":[{"name":"wp","href":"https:\/\/api.w.org\/{rel}","templated":true}]}}