

{"id":1334,"date":"2023-06-20T11:33:45","date_gmt":"2023-06-20T14:33:45","guid":{"rendered":"https:\/\/frgemnumeros.indespar.com.br\/es\/?page_id=1334"},"modified":"2023-08-04T11:27:25","modified_gmt":"2023-08-04T14:27:25","slug":"densidade-demografica","status":"publish","type":"page","link":"https:\/\/frgemnumeros.indespar.com.br\/es\/densidade-demografica\/","title":{"rendered":"DENSIDAD DEMOGR\u00c1FICA"},"content":{"rendered":"<p>[vc_row][vc_column]<div class=\"clearboth\"><\/div><style>#thegem-divider-69fa3bc11370c {margin-top: 50px !important;}<\/style><div id=\"thegem-divider-69fa3bc11370c\" class=\"gem-divider  \" style=\"\"><\/div>[\/vc_column][\/vc_row][vc_row][vc_column]<div class=\"clearboth\"><\/div><style>#thegem-divider-69fa3bc1138fa {margin-top: 30px !important;}<\/style><div id=\"thegem-divider-69fa3bc1138fa\" class=\"gem-divider  \" style=\"\"><\/div>[vc_column_text]<\/p>\n<div class=\"title-h3\">Densidad demogr\u00e1fica<br \/>\n<span style=\"color: #eba900;\"><del>\u00a0 \u00a0 \u00a0 \u00a0 \u00a0 \u00a0<\/del><\/span><\/div>\n<p>[\/vc_column_text]<div class=\"clearboth\"><\/div><div id=\"thegem-divider-69fa3bc113919\" class=\"gem-divider  \" style=\"\"><\/div>[vc_column_text]<\/p>\n<div id=\"tw-target-text-container\" class=\"tw-ta-container F0azHf tw-nfl\" tabindex=\"0\">\n<p>En 2022, el municipio de Fazenda Rio Grande ten\u00eda un promedio de 1.276 habitantes por km\u00b2, superior al promedio estatal, que fue de 57 habitantes por km\u00b2, y superior al promedio nacional, que fue de 24 habitantes por km\u00b2.<\/p>\n<p>En cuanto a su territorio de 117 km\u00b2, Fazenda Rio Grande puede clasificarse como un peque\u00f1o municipio, ya que el \u00e1rea media de los municipios paranaenses es de 500 km\u00b2.<\/p>\n<\/div>\n<p>[\/vc_column_text]<div class=\"clearboth\"><\/div><style>#thegem-divider-69fa3bc11392b {margin-top: 30px !important;}<\/style><div id=\"thegem-divider-69fa3bc11392b\" class=\"gem-divider  \" style=\"\"><\/div>[vc_column_text]<\/p>\n<div class=\"title-h3\">\n<p>Tabla \u2013 Densidad de Demogr\u00e1fica \u2013 Habitante por Km\u00b2<\/p>\n<\/div>\n<p>[\/vc_column_text]<div class=\"gem-table gem-table-responsive gem-table-style-1\"><table style=\"height: 219px;\" width=\"585\">\n<tbody>\n<tr>\n<td width=\"157\"><\/td>\n<td style=\"text-align: center;\" width=\"147\"><span style=\"color: #eba900;\"><strong>Fazenda Rio Grande<\/strong><\/span><\/td>\n<td style=\"text-align: center;\" width=\"78\"><span style=\"color: #eba900;\"><strong>Paran\u00e1<\/strong><\/span><\/td>\n<td style=\"text-align: center;\" width=\"82\"><span style=\"color: #eba900;\"><strong>Brasil<\/strong><\/span><\/td>\n<\/tr>\n<tr>\n<td style=\"text-align: center;\"><strong>Poblaci\u00f3n 2022<\/strong><\/td>\n<td style=\"text-align: center;\">148.873<\/td>\n<td style=\"text-align: center;\">11.443.208<\/td>\n<td style=\"text-align: center;\">203.062.512<\/td>\n<\/tr>\n<tr>\n<td style=\"text-align: center;\"><strong>Superficie en Km\u00b2<\/strong><\/td>\n<td style=\"text-align: center;\">117<\/td>\n<td style=\"text-align: center;\">199.299<\/td>\n<td style=\"text-align: center;\">8.510.346<\/td>\n<\/tr>\n<tr>\n<td style=\"text-align: center;\"><strong>Densidad Demogr\u00e1fica<\/strong><\/td>\n<td style=\"text-align: center;\">1.276<\/td>\n<td style=\"text-align: center;\">57<\/td>\n<td style=\"text-align: center;\">24<\/td>\n<\/tr>\n<\/tbody>\n<\/table>\n<\/div>[vc_column_text]<\/p>\n<p style=\"text-align: right;\"><em>Fuente: IBGE \u2013 Instituto Brasile\u00f1o de Geograf\u00eda y Estad\u00edstica<\/em><\/p>\n<p>[\/vc_column_text]<div class=\"clearboth\"><\/div><div id=\"thegem-divider-69fa3bc113a10\" class=\"gem-divider  \" style=\"\"><\/div>[\/vc_column][\/vc_row][vc_row full_width=&#8221;stretch_row&#8221; css=&#8221;.vc_custom_1687796177537{background-color: #ffffff !important;}&#8221;][vc_column]<div class=\"clearboth\"><\/div><div id=\"thegem-divider-69fa3bc113a20\" class=\"gem-divider  \" style=\"\"><\/div>[vc_column_text]<\/p>\n<div class=\"title-h3\">\n<p>Gr\u00e1fico \u2013 Densidad de Poblaci\u00f3n &#8211; Habitantes por km\u00b2<\/p>\n<\/div>\n<p>[\/vc_column_text][vc_single_image image=&#8221;2163&#8243; img_size=&#8221;1400&#215;1000&#8243; alignment=&#8221;center&#8221; css_animation=&#8221;fadeIn&#8221;][vc_column_text]<\/p>\n<p style=\"text-align: right;\"><em>Fuente: IBGE \u2013 Instituto Brasile\u00f1o de Geograf\u00eda y Estad\u00edstica<\/em><\/p>\n<p>[\/vc_column_text]<div class=\"clearboth\"><\/div><style>#thegem-divider-69fa3bc113a2f {margin-top: 30px !important;}<\/style><div id=\"thegem-divider-69fa3bc113a2f\" class=\"gem-divider  \" style=\"\"><\/div>[\/vc_column][\/vc_row]<\/p>\n","protected":false},"excerpt":{"rendered":"<p>[vc_row][vc_column][\/vc_column][\/vc_row][vc_row][vc_column][vc_column_text] Densidad demogr\u00e1fica \u00a0 \u00a0 \u00a0 \u00a0 \u00a0 \u00a0 [\/vc_column_text][vc_column_text] En 2022, el municipio de Fazenda Rio Grande ten\u00eda un&#8230;<\/p>\n","protected":false},"author":1,"featured_media":0,"parent":0,"menu_order":0,"comment_status":"closed","ping_status":"closed","template":"","meta":[],"_links":{"self":[{"href":"https:\/\/frgemnumeros.indespar.com.br\/es\/wp-json\/wp\/v2\/pages\/1334"}],"collection":[{"href":"https:\/\/frgemnumeros.indespar.com.br\/es\/wp-json\/wp\/v2\/pages"}],"about":[{"href":"https:\/\/frgemnumeros.indespar.com.br\/es\/wp-json\/wp\/v2\/types\/page"}],"author":[{"embeddable":true,"href":"https:\/\/frgemnumeros.indespar.com.br\/es\/wp-json\/wp\/v2\/users\/1"}],"replies":[{"embeddable":true,"href":"https:\/\/frgemnumeros.indespar.com.br\/es\/wp-json\/wp\/v2\/comments?post=1334"}],"version-history":[{"count":33,"href":"https:\/\/frgemnumeros.indespar.com.br\/es\/wp-json\/wp\/v2\/pages\/1334\/revisions"}],"predecessor-version":[{"id":2352,"href":"https:\/\/frgemnumeros.indespar.com.br\/es\/wp-json\/wp\/v2\/pages\/1334\/revisions\/2352"}],"wp:attachment":[{"href":"https:\/\/frgemnumeros.indespar.com.br\/es\/wp-json\/wp\/v2\/media?parent=1334"}],"curies":[{"name":"wp","href":"https:\/\/api.w.org\/{rel}","templated":true}]}}