

{"id":1338,"date":"2023-06-20T11:35:35","date_gmt":"2023-06-20T14:35:35","guid":{"rendered":"https:\/\/frgemnumeros.indespar.com.br\/es\/?page_id=1338"},"modified":"2023-08-04T11:43:01","modified_gmt":"2023-08-04T14:43:01","slug":"estimativa-populacional","status":"publish","type":"page","link":"https:\/\/frgemnumeros.indespar.com.br\/es\/estimativa-populacional\/","title":{"rendered":"ESTIMACI\u00d3N DE LA POBLACI\u00d3N"},"content":{"rendered":"<p>[vc_row][vc_column]<div class=\"clearboth\"><\/div><style>#thegem-divider-69fa3bb50d017 {margin-top: 50px !important;}<\/style><div id=\"thegem-divider-69fa3bb50d017\" class=\"gem-divider  \" style=\"\"><\/div>[\/vc_column][\/vc_row][vc_row][vc_column]<div class=\"clearboth\"><\/div><style>#thegem-divider-69fa3bb50d2c0 {margin-top: 30px !important;}<\/style><div id=\"thegem-divider-69fa3bb50d2c0\" class=\"gem-divider  \" style=\"\"><\/div>[vc_column_text]<\/p>\n<div class=\"title-h2\">ESTIMACI\u00d3N DE LA POBLACI\u00d3N<br \/>\n<span style=\"color: #eba900;\"><del>\u00a0 \u00a0 \u00a0 \u00a0 \u00a0 \u00a0<\/del><\/span><\/div>\n<p>[\/vc_column_text]<div class=\"clearboth\"><\/div><div id=\"thegem-divider-69fa3bb50d2f6\" class=\"gem-divider  \" style=\"\"><\/div>[vc_column_text]Estimamos que, en el a\u00f1o 2040, el municipio de Fazenda Rio Grande podr\u00e1 tener una poblaci\u00f3n de 366.360 habitantes, es decir, 217.486 nuevos habitantes, considerando los indicadores socioecon\u00f3micos actuales del municipio, as\u00ed como la respectiva tasa de crecimiento anual, una de los m\u00e1s altos del estado de Paran\u00e1.[\/vc_column_text]<div class=\"clearboth\"><\/div><style>#thegem-divider-69fa3bb50d312 {margin-top: 30px !important;}<\/style><div id=\"thegem-divider-69fa3bb50d312\" class=\"gem-divider  \" style=\"\"><\/div>[vc_column_text]<\/p>\n<div class=\"title-h3\">\n<p>Tabla \u2013 Estimaci\u00f3n de poblaci\u00f3n<\/p>\n<\/div>\n<p>[\/vc_column_text]<div class=\"gem-table gem-table-responsive gem-table-style-1\"><table style=\"height: 1123px;\" width=\"502\">\n<tbody>\n<tr>\n<td style=\"text-align: center;\" width=\"40\"><span style=\"color: #eba900;\"><strong>A\u00f1o<\/strong><\/span><\/td>\n<td style=\"text-align: center;\" width=\"114\"><span style=\"color: #eba900;\"><strong>Fazenda Rio Grande<\/strong><\/span><\/td>\n<td style=\"text-align: center;\" width=\"61\"><span style=\"color: #eba900;\"><strong>Paran\u00e1<\/strong><\/span><\/td>\n<td style=\"text-align: center;\" width=\"67\"><span style=\"color: #eba900;\"><strong>Brasil<\/strong><\/span><\/td>\n<\/tr>\n<tr>\n<td style=\"text-align: center;\"><strong>&#8230;2010<\/strong><\/td>\n<td style=\"text-align: center;\">81.675<\/td>\n<td style=\"text-align: center;\">10.444.526<\/td>\n<td style=\"text-align: center;\">190.755.799<\/td>\n<\/tr>\n<tr>\n<td style=\"text-align: center;\"><strong>&#8230;2011<\/strong><\/td>\n<td style=\"text-align: center;\">85.865<\/td>\n<td style=\"text-align: center;\">10.553.905<\/td>\n<td style=\"text-align: center;\">192.117.270<\/td>\n<\/tr>\n<tr>\n<td style=\"text-align: center;\"><strong>&#8230;2012<\/strong><\/td>\n<td style=\"text-align: center;\">90.270<\/td>\n<td style=\"text-align: center;\">10.664.430<\/td>\n<td style=\"text-align: center;\">193.488.458<\/td>\n<\/tr>\n<tr>\n<td style=\"text-align: center;\"><strong>&#8230;2013<\/strong><\/td>\n<td style=\"text-align: center;\">94.901<\/td>\n<td style=\"text-align: center;\">10.776.112<\/td>\n<td style=\"text-align: center;\">194.869.433<\/td>\n<\/tr>\n<tr>\n<td style=\"text-align: center;\"><strong>&#8230;2014<\/strong><\/td>\n<td style=\"text-align: center;\">99.770<\/td>\n<td style=\"text-align: center;\">10.888.963<\/td>\n<td style=\"text-align: center;\">196.260.264<\/td>\n<\/tr>\n<tr>\n<td style=\"text-align: center;\"><strong>&#8230;2015<\/strong><\/td>\n<td style=\"text-align: center;\">104.888<\/td>\n<td style=\"text-align: center;\">11.002.997<\/td>\n<td style=\"text-align: center;\">197.661.022<\/td>\n<\/tr>\n<tr>\n<td style=\"text-align: center;\"><strong>&#8230;2016<\/strong><\/td>\n<td style=\"text-align: center;\">110.269<\/td>\n<td style=\"text-align: center;\">11.118.225<\/td>\n<td style=\"text-align: center;\">199.071.778<\/td>\n<\/tr>\n<tr>\n<td style=\"text-align: center;\"><strong>&#8230;2017<\/strong><\/td>\n<td style=\"text-align: center;\">115.926<\/td>\n<td style=\"text-align: center;\">11.234.659<\/td>\n<td style=\"text-align: center;\">200.492.602<\/td>\n<\/tr>\n<tr>\n<td style=\"text-align: center;\"><strong>&#8230;2018<\/strong><\/td>\n<td style=\"text-align: center;\">121.873<\/td>\n<td style=\"text-align: center;\">11.352.313<\/td>\n<td style=\"text-align: center;\">201.923.567<\/td>\n<\/tr>\n<tr>\n<td style=\"text-align: center;\"><strong>&#8230;2019<\/strong><\/td>\n<td style=\"text-align: center;\">128.125<\/td>\n<td style=\"text-align: center;\">11.471.199<\/td>\n<td style=\"text-align: center;\">203.364.746<\/td>\n<\/tr>\n<tr>\n<td style=\"text-align: center;\"><strong>&#8230;2020<\/strong><\/td>\n<td style=\"text-align: center;\">134.698<\/td>\n<td style=\"text-align: center;\">11.591.329<\/td>\n<td style=\"text-align: center;\">204.816.210<\/td>\n<\/tr>\n<tr>\n<td style=\"text-align: center;\"><strong>&#8230;2021<\/strong><\/td>\n<td style=\"text-align: center;\">141.608<\/td>\n<td style=\"text-align: center;\">11.712.718<\/td>\n<td style=\"text-align: center;\">206.278.034<\/td>\n<\/tr>\n<tr>\n<td style=\"text-align: center;\"><strong>&#8230;2022<\/strong><\/td>\n<td style=\"text-align: center;\">148.873<\/td>\n<td style=\"text-align: center;\">11.835.379<\/td>\n<td style=\"text-align: center;\">207.750.291<\/td>\n<\/tr>\n<tr>\n<td style=\"text-align: center;\"><strong>&#8230;2023<\/strong><\/td>\n<td style=\"text-align: center;\">156.511<\/td>\n<td style=\"text-align: center;\">11.959.323<\/td>\n<td style=\"text-align: center;\">209.233.056<\/td>\n<\/tr>\n<tr>\n<td style=\"text-align: center;\"><strong>&#8230;2024<\/strong><\/td>\n<td style=\"text-align: center;\">164.540<\/td>\n<td style=\"text-align: center;\">12.084.566<\/td>\n<td style=\"text-align: center;\">210.726.404<\/td>\n<\/tr>\n<tr>\n<td style=\"text-align: center;\"><strong>&#8230;2025<\/strong><\/td>\n<td style=\"text-align: center;\">172.981<\/td>\n<td style=\"text-align: center;\">12.211.120<\/td>\n<td style=\"text-align: center;\">212.230.410<\/td>\n<\/tr>\n<tr>\n<td style=\"text-align: center;\"><strong>&#8230;2026<\/strong><\/td>\n<td style=\"text-align: center;\">181.855<\/td>\n<td style=\"text-align: center;\">12.339.000<\/td>\n<td style=\"text-align: center;\">213.745.151<\/td>\n<\/tr>\n<tr>\n<td style=\"text-align: center;\"><strong>&#8230;2027<\/strong><\/td>\n<td style=\"text-align: center;\">191.185<\/td>\n<td style=\"text-align: center;\">12.468.219<\/td>\n<td style=\"text-align: center;\">215.270.703<\/td>\n<\/tr>\n<tr>\n<td style=\"text-align: center;\"><strong>&#8230;2028<\/strong><\/td>\n<td style=\"text-align: center;\">200.993<\/td>\n<td style=\"text-align: center;\">12.598.791<\/td>\n<td style=\"text-align: center;\">216.807.143<\/td>\n<\/tr>\n<tr>\n<td style=\"text-align: center;\"><strong>&#8230;2029<\/strong><\/td>\n<td style=\"text-align: center;\">211.304<\/td>\n<td style=\"text-align: center;\">12.730.730<\/td>\n<td style=\"text-align: center;\">218.354.549<\/td>\n<\/tr>\n<tr>\n<td style=\"text-align: center;\"><strong>&#8230;2030<\/strong><\/td>\n<td style=\"text-align: center;\">222.144<\/td>\n<td style=\"text-align: center;\">12.864.051<\/td>\n<td style=\"text-align: center;\">219.912.999<\/td>\n<\/tr>\n<tr>\n<td style=\"text-align: center;\"><strong>&#8230;2031<\/strong><\/td>\n<td style=\"text-align: center;\">233.540<\/td>\n<td style=\"text-align: center;\">12.998.769<\/td>\n<td style=\"text-align: center;\">221.482.572<\/td>\n<\/tr>\n<tr>\n<td style=\"text-align: center;\"><strong>&#8230;2032<\/strong><\/td>\n<td style=\"text-align: center;\">245.521<\/td>\n<td style=\"text-align: center;\">13.134.897<\/td>\n<td style=\"text-align: center;\">223.063.348<\/td>\n<\/tr>\n<tr>\n<td style=\"text-align: center;\"><strong>&#8230;2033<\/strong><\/td>\n<td style=\"text-align: center;\">258.117<\/td>\n<td style=\"text-align: center;\">13.272.451<\/td>\n<td style=\"text-align: center;\">224.655.406<\/td>\n<\/tr>\n<tr>\n<td style=\"text-align: center;\"><strong>&#8230;2034<\/strong><\/td>\n<td style=\"text-align: center;\">271.359<\/td>\n<td style=\"text-align: center;\">13.411.445<\/td>\n<td style=\"text-align: center;\">226.258.827<\/td>\n<\/tr>\n<tr>\n<td style=\"text-align: center;\"><strong>&#8230;2035<\/strong><\/td>\n<td style=\"text-align: center;\">285.280<\/td>\n<td style=\"text-align: center;\">13.551.895<\/td>\n<td style=\"text-align: center;\">227.873.692<\/td>\n<\/tr>\n<tr>\n<td style=\"text-align: center;\"><strong>&#8230;2036<\/strong><\/td>\n<td style=\"text-align: center;\">299.915<\/td>\n<td style=\"text-align: center;\">13.693.815<\/td>\n<td style=\"text-align: center;\">229.500.083<\/td>\n<\/tr>\n<tr>\n<td style=\"text-align: center;\"><strong>&#8230;2037<\/strong><\/td>\n<td style=\"text-align: center;\">315.301<\/td>\n<td style=\"text-align: center;\">13.837.222<\/td>\n<td style=\"text-align: center;\">231.138.081<\/td>\n<\/tr>\n<tr>\n<td style=\"text-align: center;\"><strong>&#8230;2038<\/strong><\/td>\n<td style=\"text-align: center;\">331.477<\/td>\n<td style=\"text-align: center;\">13.982.131<\/td>\n<td style=\"text-align: center;\">232.787.771<\/td>\n<\/tr>\n<tr>\n<td style=\"text-align: center;\"><strong>&#8230;2039<\/strong><\/td>\n<td style=\"text-align: center;\">348.482<\/td>\n<td style=\"text-align: center;\">14.128.558<\/td>\n<td style=\"text-align: center;\">234.449.235<\/td>\n<\/tr>\n<tr>\n<td style=\"text-align: center;\"><strong>&#8230;2040<\/strong><\/td>\n<td style=\"text-align: center;\">366.360<\/td>\n<td style=\"text-align: center;\">14.276.517<\/td>\n<td style=\"text-align: center;\">236.122.557<\/td>\n<\/tr>\n<\/tbody>\n<\/table>\n<\/div>[vc_column_text]<\/p>\n<p style=\"text-align: right;\"><em>\u00a0\u00a0\u00a0 Fuente: Datos elaborados por CEPPE DO BRASIL.<\/em><\/p>\n<p>[\/vc_column_text]<div class=\"clearboth\"><\/div><div id=\"thegem-divider-69fa3bb50d5ca\" class=\"gem-divider  \" style=\"\"><\/div>[vc_column_text]<\/p>\n<div class=\"title-h3\">\n<div class=\"title-h3\">\n<p>Tabla \u2013 Nuevos Habitantes<\/p>\n<\/div>\n<\/div>\n<p>[\/vc_column_text]<div class=\"gem-table gem-table-responsive gem-table-style-1\"><table width=\"462\">\n<tbody>\n<tr>\n<td style=\"text-align: center;\" width=\"166\"><span style=\"color: #eba900;\"><strong>Per\u00edodo<\/strong><\/span><\/td>\n<td style=\"text-align: center;\" width=\"147\"><span style=\"color: #eba900;\"><strong>Fazenda Rio Grande<\/strong><\/span><\/td>\n<td style=\"text-align: center;\" width=\"71\"><span style=\"color: #eba900;\"><strong>Paran\u00e1<\/strong><\/span><\/td>\n<td style=\"text-align: center;\" width=\"78\"><span style=\"color: #eba900;\"><strong>Brasil<\/strong><\/span><\/td>\n<\/tr>\n<tr>\n<td style=\"text-align: center;\"><strong>&#8230;2010-2022<\/strong><\/td>\n<td style=\"text-align: center;\">67.198<\/td>\n<td style=\"text-align: center;\">3.831.991<\/td>\n<td style=\"text-align: center;\">45.366.758<\/td>\n<\/tr>\n<tr>\n<td style=\"text-align: center;\"><strong>&#8230;2022-2030<\/strong><\/td>\n<td style=\"text-align: center;\">73.271<\/td>\n<td style=\"text-align: center;\">1.151.333<\/td>\n<td style=\"text-align: center;\">13.634.965<\/td>\n<\/tr>\n<tr>\n<td style=\"text-align: center;\"><strong>&#8230;2022-2040<\/strong><\/td>\n<td style=\"text-align: center;\">217.486<\/td>\n<td style=\"text-align: center;\">2.563.799<\/td>\n<td style=\"text-align: center;\">29.844.523<\/td>\n<\/tr>\n<\/tbody>\n<\/table>\n<\/div>[vc_column_text]<\/p>\n<p style=\"text-align: right;\"><em>\u00a0 \u00a0Fuente: Datos elaborados por CEPPE DO BRASIL.<\/em><\/p>\n<p>[\/vc_column_text]<div class=\"clearboth\"><\/div><style>#thegem-divider-69fa3bb50d683 {margin-top: 30px !important;}<\/style><div id=\"thegem-divider-69fa3bb50d683\" class=\"gem-divider  \" style=\"\"><\/div>[\/vc_column][\/vc_row]<\/p>\n","protected":false},"excerpt":{"rendered":"<p>[vc_row][vc_column][\/vc_column][\/vc_row][vc_row][vc_column][vc_column_text] ESTIMACI\u00d3N DE LA POBLACI\u00d3N \u00a0 \u00a0 \u00a0 \u00a0 \u00a0 \u00a0 [\/vc_column_text][vc_column_text]Estimamos que, en el a\u00f1o 2040, el municipio de&#8230;<\/p>\n","protected":false},"author":1,"featured_media":0,"parent":0,"menu_order":0,"comment_status":"closed","ping_status":"closed","template":"","meta":[],"_links":{"self":[{"href":"https:\/\/frgemnumeros.indespar.com.br\/es\/wp-json\/wp\/v2\/pages\/1338"}],"collection":[{"href":"https:\/\/frgemnumeros.indespar.com.br\/es\/wp-json\/wp\/v2\/pages"}],"about":[{"href":"https:\/\/frgemnumeros.indespar.com.br\/es\/wp-json\/wp\/v2\/types\/page"}],"author":[{"embeddable":true,"href":"https:\/\/frgemnumeros.indespar.com.br\/es\/wp-json\/wp\/v2\/users\/1"}],"replies":[{"embeddable":true,"href":"https:\/\/frgemnumeros.indespar.com.br\/es\/wp-json\/wp\/v2\/comments?post=1338"}],"version-history":[{"count":23,"href":"https:\/\/frgemnumeros.indespar.com.br\/es\/wp-json\/wp\/v2\/pages\/1338\/revisions"}],"predecessor-version":[{"id":2354,"href":"https:\/\/frgemnumeros.indespar.com.br\/es\/wp-json\/wp\/v2\/pages\/1338\/revisions\/2354"}],"wp:attachment":[{"href":"https:\/\/frgemnumeros.indespar.com.br\/es\/wp-json\/wp\/v2\/media?parent=1338"}],"curies":[{"name":"wp","href":"https:\/\/api.w.org\/{rel}","templated":true}]}}