

{"id":1348,"date":"2023-06-20T11:39:37","date_gmt":"2023-06-20T14:39:37","guid":{"rendered":"https:\/\/frgemnumeros.indespar.com.br\/es\/?page_id=1348"},"modified":"2023-08-07T13:33:57","modified_gmt":"2023-08-07T16:33:57","slug":"pessoas-com-deficiencia","status":"publish","type":"page","link":"https:\/\/frgemnumeros.indespar.com.br\/es\/pessoas-com-deficiencia\/","title":{"rendered":"PERSONAS CON DEFICIENCIA"},"content":{"rendered":"<p>[vc_row][vc_column]<div class=\"clearboth\"><\/div><style>#thegem-divider-69fa3b9249d9c {margin-top: 50px !important;}<\/style><div id=\"thegem-divider-69fa3b9249d9c\" class=\"gem-divider  \" style=\"\"><\/div>[\/vc_column][\/vc_row][vc_row][vc_column]<div class=\"clearboth\"><\/div><style>#thegem-divider-69fa3b9249f6e {margin-top: 30px !important;}<\/style><div id=\"thegem-divider-69fa3b9249f6e\" class=\"gem-divider  \" style=\"\"><\/div>[vc_column_text]<\/p>\n<div class=\"title-h2\">Deficiencia<br \/>\n<span style=\"color: #eba900;\"><del>\u00a0 \u00a0 \u00a0 \u00a0 \u00a0 \u00a0<\/del><\/span><\/div>\n<p>[\/vc_column_text]<div class=\"clearboth\"><\/div><div id=\"thegem-divider-69fa3b9249f9b\" class=\"gem-divider  \" style=\"\"><\/div>[vc_column_text]En Fazenda Rio Grande, se estima para el a\u00f1o 2022 que el 20,64% de la poblaci\u00f3n tendr\u00e1 alg\u00fan tipo de discapacidad, inferior a los promedios del Estado de Paran\u00e1 y Brasil. La discapacidad visual es la m\u00e1s representativa.[\/vc_column_text]<div class=\"clearboth\"><\/div><style>#thegem-divider-69fa3b9249fbd {margin-top: 30px !important;}<\/style><div id=\"thegem-divider-69fa3b9249fbd\" class=\"gem-divider  \" style=\"\"><\/div>[vc_column_text]<\/p>\n<div class=\"title-h3\">\n<p>Tabla \u2013 Deficiencia<\/p>\n<\/div>\n<p>[\/vc_column_text]<div class=\"gem-table gem-table-responsive gem-table-style-1\"><table width=\"630\">\n<tbody>\n<tr>\n<td width=\"173\">\n<p style=\"text-align: center;\">\n<\/td>\n<td style=\"text-align: center;\" width=\"87\"><span style=\"color: #eba900;\"><strong>Fazenda Rio Grande<\/strong><\/span><\/td>\n<td style=\"text-align: center;\" width=\"77\"><span style=\"color: #eba900;\"><strong>Paran\u00e1<\/strong><\/span><\/td>\n<td style=\"text-align: center;\" width=\"77\"><span style=\"color: #eba900;\"><strong>Brasil<\/strong><\/span><\/td>\n<td style=\"text-align: center;\" colspan=\"2\" width=\"87\"><span style=\"color: #eba900;\"><strong>Fazenda Rio Grande<\/strong><\/span><\/td>\n<td style=\"text-align: center;\" width=\"57\"><span style=\"color: #eba900;\"><strong>Paran\u00e1<\/strong><\/span><\/td>\n<td width=\"72\">\n<p style=\"text-align: center;\"><span style=\"color: #eba900;\"><strong>Brasil<\/strong><\/span><\/p>\n<\/td>\n<\/tr>\n<tr>\n<td width=\"173\"><strong>Poblaci\u00f3n total<\/strong><\/td>\n<td width=\"87\">148.873<\/td>\n<td width=\"77\">11.443.208<\/td>\n<td width=\"77\">203.062.512<\/td>\n<td width=\"72\">100,0%<\/td>\n<td colspan=\"2\" width=\"72\">100,00%<\/td>\n<td width=\"72\">100,00%<\/td>\n<\/tr>\n<tr>\n<td width=\"173\"><strong>Al menos una de las deficiencias investigadas<\/strong><\/td>\n<td width=\"87\">30.722<\/td>\n<td width=\"77\">2.498.609<\/td>\n<td width=\"77\">48.548.347<\/td>\n<td width=\"72\">20,64%<\/td>\n<td colspan=\"2\" width=\"72\">21,83%<\/td>\n<td width=\"72\">23,91%<\/td>\n<\/tr>\n<tr>\n<td width=\"173\"><strong>Discapacidad visual: no puede hacerlo en absoluto<\/strong><\/td>\n<td width=\"87\">616<\/td>\n<td width=\"77\">28.656<\/td>\n<td width=\"77\">539.046<\/td>\n<td width=\"72\">0,41%<\/td>\n<td colspan=\"2\" width=\"72\">0,25%<\/td>\n<td width=\"72\">0,27%<\/td>\n<\/tr>\n<tr>\n<td width=\"173\"><strong>Discapacidad visual &#8211; gran dificultad<\/strong><\/td>\n<td width=\"87\">3.460<\/td>\n<td width=\"77\">323.716<\/td>\n<td width=\"77\">6.447.273<\/td>\n<td width=\"72\">2,32%<\/td>\n<td colspan=\"2\" width=\"72\">2,83%<\/td>\n<td width=\"72\">3,18%<\/td>\n<\/tr>\n<tr>\n<td width=\"173\"><strong>Discapacidad visual &#8211; alguna dificultad<\/strong><\/td>\n<td width=\"87\">20.143<\/td>\n<td width=\"77\">1.541.591<\/td>\n<td width=\"77\">31.096.076<\/td>\n<td width=\"72\">13,53%<\/td>\n<td colspan=\"2\" width=\"72\">13,47%<\/td>\n<td width=\"72\">15,31%<\/td>\n<\/tr>\n<tr>\n<td width=\"173\"><strong>Discapacidad auditiva: no puedo hacerlo en absoluto<\/strong><\/td>\n<td width=\"87\">252<\/td>\n<td width=\"77\">20.804<\/td>\n<td width=\"77\">366.413<\/td>\n<td width=\"72\">0,17%<\/td>\n<td colspan=\"2\" width=\"72\">0,18%<\/td>\n<td width=\"72\">0,18%<\/td>\n<\/tr>\n<tr>\n<td width=\"173\"><strong>Discapacidad auditiva &#8211; gran dificultad<\/strong><\/td>\n<td width=\"87\">855<\/td>\n<td width=\"77\">109.787<\/td>\n<td width=\"77\">1.915.028<\/td>\n<td width=\"72\">0,57%<\/td>\n<td colspan=\"2\" width=\"72\">0,96%<\/td>\n<td width=\"72\">0,94%<\/td>\n<\/tr>\n<tr>\n<td width=\"173\"><strong>Discapacidad auditiva &#8211; alguna dificultad<\/strong><\/td>\n<td width=\"87\">4.903<\/td>\n<td width=\"77\">434.692<\/td>\n<td width=\"77\">8.062.795<\/td>\n<td width=\"72\">3,29%<\/td>\n<td colspan=\"2\" width=\"72\">3,80%<\/td>\n<td width=\"72\">3,97%<\/td>\n<\/tr>\n<tr>\n<td width=\"173\"><strong>Deterioro motor: no puede hacerlo en absoluto<\/strong><\/td>\n<td width=\"87\">549<\/td>\n<td width=\"77\">43.771<\/td>\n<td width=\"77\">781.803<\/td>\n<td width=\"72\">0,37%<\/td>\n<td colspan=\"2\" width=\"72\">0,38%<\/td>\n<td width=\"72\">0,39%<\/td>\n<\/tr>\n<tr>\n<td width=\"173\"><strong>Discapacidad motora &#8211; gran dificultad<\/strong><\/td>\n<td width=\"87\">1.859<\/td>\n<td width=\"77\">222.704<\/td>\n<td width=\"77\">3.937.567<\/td>\n<td width=\"72\">1,25%<\/td>\n<td colspan=\"2\" width=\"72\">1,95%<\/td>\n<td width=\"72\">1,94%<\/td>\n<\/tr>\n<tr>\n<td width=\"173\"><strong>Deterioro motor &#8211; alguna dificultad<\/strong><\/td>\n<td width=\"87\">6.099<\/td>\n<td width=\"77\">507.295<\/td>\n<td width=\"77\">9.402.066<\/td>\n<td width=\"72\">4,10%<\/td>\n<td colspan=\"2\" width=\"72\">4,43%<\/td>\n<td width=\"72\">4,63%<\/td>\n<\/tr>\n<tr>\n<td width=\"173\"><strong>Mental\/intelectual<\/strong><\/td>\n<td width=\"87\">1.980<\/td>\n<td width=\"77\">157.085<\/td>\n<td width=\"77\">2.780.021<\/td>\n<td width=\"72\">1,33%<\/td>\n<td colspan=\"2\" width=\"72\">1,37%<\/td>\n<td width=\"72\">1,37%<\/td>\n<\/tr>\n<tr>\n<td width=\"173\"><strong>Ninguna de estas deficiencias<\/strong><\/td>\n<td width=\"87\">118.121<\/td>\n<td width=\"77\">8.942.772<\/td>\n<td width=\"77\">154.445.211<\/td>\n<td width=\"72\">79,34%<\/td>\n<td colspan=\"2\" width=\"72\">78,15%<\/td>\n<td width=\"72\">76,06%<\/td>\n<\/tr>\n<tr>\n<td width=\"173\"><strong>Sin declaraci\u00f3n<\/strong><\/td>\n<td width=\"87\">0<\/td>\n<td width=\"77\">1.827<\/td>\n<td width=\"77\">68.954<\/td>\n<td width=\"72\">0,00%<\/td>\n<td colspan=\"2\" width=\"72\">0,02%<\/td>\n<td width=\"72\">0,03%<\/td>\n<\/tr>\n<\/tbody>\n<\/table>\n<\/div>[vc_column_text]<\/p>\n<p style=\"text-align: right;\"><em>Fuente: Datos elaborados por CEPPE DO BRASIL.<\/em><\/p>\n<p>[\/vc_column_text]<div class=\"clearboth\"><\/div><style>#thegem-divider-69fa3b924a2b5 {margin-top: 30px !important;}<\/style><div id=\"thegem-divider-69fa3b924a2b5\" class=\"gem-divider  \" style=\"\"><\/div>[\/vc_column][\/vc_row]<\/p>\n","protected":false},"excerpt":{"rendered":"<p>[vc_row][vc_column][\/vc_column][\/vc_row][vc_row][vc_column][vc_column_text] Deficiencia \u00a0 \u00a0 \u00a0 \u00a0 \u00a0 \u00a0 [\/vc_column_text][vc_column_text]En Fazenda Rio Grande, se estima para el a\u00f1o 2022 que el&#8230;<\/p>\n","protected":false},"author":1,"featured_media":0,"parent":0,"menu_order":0,"comment_status":"closed","ping_status":"closed","template":"","meta":[],"_links":{"self":[{"href":"https:\/\/frgemnumeros.indespar.com.br\/es\/wp-json\/wp\/v2\/pages\/1348"}],"collection":[{"href":"https:\/\/frgemnumeros.indespar.com.br\/es\/wp-json\/wp\/v2\/pages"}],"about":[{"href":"https:\/\/frgemnumeros.indespar.com.br\/es\/wp-json\/wp\/v2\/types\/page"}],"author":[{"embeddable":true,"href":"https:\/\/frgemnumeros.indespar.com.br\/es\/wp-json\/wp\/v2\/users\/1"}],"replies":[{"embeddable":true,"href":"https:\/\/frgemnumeros.indespar.com.br\/es\/wp-json\/wp\/v2\/comments?post=1348"}],"version-history":[{"count":14,"href":"https:\/\/frgemnumeros.indespar.com.br\/es\/wp-json\/wp\/v2\/pages\/1348\/revisions"}],"predecessor-version":[{"id":2376,"href":"https:\/\/frgemnumeros.indespar.com.br\/es\/wp-json\/wp\/v2\/pages\/1348\/revisions\/2376"}],"wp:attachment":[{"href":"https:\/\/frgemnumeros.indespar.com.br\/es\/wp-json\/wp\/v2\/media?parent=1348"}],"curies":[{"name":"wp","href":"https:\/\/api.w.org\/{rel}","templated":true}]}}