

{"id":1375,"date":"2023-06-20T11:48:14","date_gmt":"2023-06-20T14:48:14","guid":{"rendered":"https:\/\/frgemnumeros.indespar.com.br\/es\/?page_id=1375"},"modified":"2023-10-26T09:13:48","modified_gmt":"2023-10-26T12:13:48","slug":"abastecimento-de-agua","status":"publish","type":"page","link":"https:\/\/frgemnumeros.indespar.com.br\/es\/abastecimento-de-agua\/","title":{"rendered":"ABASTECIMIENTO DE AGUA"},"content":{"rendered":"<p>[vc_row][vc_column]<div class=\"clearboth\"><\/div><style>#thegem-divider-69fa3b9249887 {margin-top: 50px !important;}<\/style><div id=\"thegem-divider-69fa3b9249887\" class=\"gem-divider  \" style=\"\"><\/div>[\/vc_column][\/vc_row][vc_row][vc_column]<div class=\"clearboth\"><\/div><style>#thegem-divider-69fa3b9249a09 {margin-top: 30px !important;}<\/style><div id=\"thegem-divider-69fa3b9249a09\" class=\"gem-divider  \" style=\"\"><\/div>[vc_column_text]<\/p>\n<h3>Abastecimiento de agua<br \/>\n<span style=\"color: #eba900;\"><del>\u00a0 \u00a0 \u00a0 \u00a0 \u00a0 \u00a0<\/del><\/span><\/h3>\n<p>[\/vc_column_text]<div class=\"clearboth\"><\/div><div id=\"thegem-divider-69fa3b9249a26\" class=\"gem-divider  \" style=\"\"><\/div>[vc_column_text]En 2021, la red general de distribuci\u00f3n de agua alcanz\u00f3 m\u00e1s de 55,7 mil unidades servidas en el Municipio. Entre 2012 y 2021, el Municipio experiment\u00f3 un aumento del 107,4% en unidades servidas con suministro de agua y 107,5% de conexiones realizadas en el mismo per\u00edodo.[\/vc_column_text]<div class=\"clearboth\"><\/div><style>#thegem-divider-69fa3b9249a42 {margin-top: 30px !important;}<\/style><div id=\"thegem-divider-69fa3b9249a42\" class=\"gem-divider  \" style=\"\"><\/div>[vc_column_text]<\/p>\n<div class=\"title-h3\">\n<p>Tabla \u2013 Suministros de agua: unidades servidas y conexiones<\/p>\n<\/div>\n<p>[\/vc_column_text]<div class=\"gem-table gem-table-responsive gem-table-style-1\"><table width=\"586\">\n<tbody>\n<tr>\n<td width=\"137\"><strong>\u00a0<\/strong><\/td>\n<td colspan=\"2\" width=\"147\">\n<p style=\"text-align: center;\"><span style=\"color: #eba900;\"><strong>Fazenda Rio Grande<\/strong><\/span><\/p>\n<\/td>\n<td style=\"text-align: center;\" colspan=\"2\" width=\"153\"><span style=\"color: #eba900;\"><strong>Paran\u00e1<\/strong><\/span><\/td>\n<td colspan=\"2\" width=\"149\">\n<p style=\"text-align: center;\"><span style=\"color: #eba900;\"><strong>Evoluci\u00f3n 2012 &#8211; 2021<\/strong><\/span><\/p>\n<\/td>\n<\/tr>\n<tr>\n<td width=\"137\"><\/td>\n<td width=\"68\"><strong>&#8230;2012<\/strong><\/td>\n<td width=\"79\"><strong>&#8230;2021<\/strong><\/td>\n<td width=\"68\"><strong>&#8230;2012<\/strong><\/td>\n<td width=\"85\"><strong>&#8230;2021<\/strong><\/td>\n<td width=\"75\"><strong>Fazenda Rio Grande<\/strong><\/td>\n<td width=\"75\"><strong>Paran\u00e1<\/strong><\/td>\n<\/tr>\n<tr>\n<td width=\"137\"><strong>Unidades Servidas<\/strong><\/td>\n<td width=\"68\"><strong>26.889<\/strong><\/td>\n<td width=\"79\"><strong>55.764<\/strong><\/td>\n<td width=\"68\"><strong>3.370.181<\/strong><\/td>\n<td width=\"85\"><strong>4.481.541<\/strong><\/td>\n<td width=\"75\"><strong>107,4%<\/strong><\/td>\n<td width=\"75\"><strong>33,0%<\/strong><\/td>\n<\/tr>\n<tr>\n<td width=\"137\">\u00a0Residencial<\/td>\n<td width=\"68\">25.653<\/td>\n<td width=\"79\">53.023<\/td>\n<td width=\"68\">3.062.020<\/td>\n<td width=\"85\">4.072.974<\/td>\n<td width=\"75\">106,7%<\/td>\n<td width=\"75\">33,0%<\/td>\n<\/tr>\n<tr>\n<td width=\"137\">\u00a0Comerciales<\/td>\n<td width=\"68\">913<\/td>\n<td width=\"79\">2.274<\/td>\n<td width=\"68\">233.333<\/td>\n<td width=\"85\">318.590<\/td>\n<td width=\"75\">149,1%<\/td>\n<td width=\"75\">36,5%<\/td>\n<\/tr>\n<tr>\n<td width=\"137\">\u00a0Industrial<\/td>\n<td width=\"68\">59<\/td>\n<td width=\"79\">77<\/td>\n<td width=\"68\">12.192<\/td>\n<td width=\"85\">13.703<\/td>\n<td width=\"75\">30,5%<\/td>\n<td width=\"75\">12,4%<\/td>\n<\/tr>\n<tr>\n<td width=\"137\">\u00a0Utilidad publica<\/td>\n<td width=\"68\">168<\/td>\n<td width=\"79\">259<\/td>\n<td width=\"68\">20.514<\/td>\n<td width=\"85\">24.230<\/td>\n<td width=\"75\">54,2%<\/td>\n<td width=\"75\">18,1%<\/td>\n<\/tr>\n<tr>\n<td width=\"137\">\u00a0Poder p\u00fablico<\/td>\n<td width=\"68\">96<\/td>\n<td width=\"79\">131<\/td>\n<td width=\"68\">23.798<\/td>\n<td width=\"85\">26.981<\/td>\n<td width=\"75\">36,5%<\/td>\n<td width=\"75\">13,4%<\/td>\n<\/tr>\n<tr>\n<td width=\"137\"><strong>Conexiones<\/strong><\/td>\n<td width=\"68\"><strong>25.033<\/strong><\/td>\n<td width=\"79\"><strong>51.937<\/strong><\/td>\n<td width=\"68\"><strong>2.788.945<\/strong><\/td>\n<td width=\"85\"><strong>3.647.420<\/strong><\/td>\n<td width=\"75\"><strong>107,5%<\/strong><\/td>\n<td width=\"75\"><strong>30,8%<\/strong><\/td>\n<\/tr>\n<tr>\n<td width=\"137\">\u00a0Residencial<\/td>\n<td width=\"68\">23.875<\/td>\n<td width=\"79\">49.595<\/td>\n<td width=\"68\">2.394.946<\/td>\n<td width=\"85\">3.034.993<\/td>\n<td width=\"75\">107,7%<\/td>\n<td width=\"75\">26,7%<\/td>\n<\/tr>\n<tr>\n<td width=\"137\">\u00a0Comerciales<\/td>\n<td width=\"68\">837<\/td>\n<td width=\"79\">1.879<\/td>\n<td width=\"68\">177.405<\/td>\n<td width=\"85\">239.588<\/td>\n<td width=\"75\">124,5%<\/td>\n<td width=\"75\">35,1%<\/td>\n<\/tr>\n<tr>\n<td width=\"137\">\u00a0Industrial<\/td>\n<td width=\"68\">59<\/td>\n<td width=\"79\">76<\/td>\n<td width=\"68\">11.891<\/td>\n<td width=\"85\">13.495<\/td>\n<td width=\"75\">28,8%<\/td>\n<td width=\"75\">13,5%<\/td>\n<\/tr>\n<tr>\n<td width=\"137\">\u00a0Utilidad publica<\/td>\n<td width=\"68\">166<\/td>\n<td width=\"79\">256<\/td>\n<td width=\"68\">20.275<\/td>\n<td width=\"85\">23.928<\/td>\n<td width=\"75\">54,2%<\/td>\n<td width=\"75\">18,0%<\/td>\n<\/tr>\n<tr>\n<td width=\"137\">\u00a0Poder p\u00fablico<\/td>\n<td width=\"68\">96<\/td>\n<td width=\"79\">131<\/td>\n<td width=\"68\">23.558<\/td>\n<td width=\"85\">26.848<\/td>\n<td width=\"75\">36,5%<\/td>\n<td width=\"75\">14,0%<\/td>\n<\/tr>\n<\/tbody>\n<\/table>\n<\/div>[vc_column_text]<\/p>\n<p style=\"text-align: right;\"><em>Fuente: Gobierno del Estado de Paran\u00e1<\/em><\/p>\n<p>[\/vc_column_text]<div class=\"clearboth\"><\/div><div id=\"thegem-divider-69fa3b9249c19\" class=\"gem-divider  \" style=\"\"><\/div>[\/vc_column][\/vc_row][vc_row full_width=&#8221;stretch_row&#8221; css=&#8221;.vc_custom_1687801799058{background-color: #ffffff !important;}&#8221;][vc_column]<div class=\"clearboth\"><\/div><div id=\"thegem-divider-69fa3b9249c2b\" class=\"gem-divider  \" style=\"\"><\/div>[vc_column_text]<\/p>\n<div class=\"title-h3\">\n<p>Gr\u00e1fico \u2013 Evoluci\u00f3n del Abastecimiento de Agua<\/p>\n<\/div>\n<p>[\/vc_column_text][vc_single_image image=&#8221;2449&#8243; img_size=&#8221;1400&#215;1000&#8243; alignment=&#8221;center&#8221; css_animation=&#8221;fadeIn&#8221;][vc_column_text]<\/p>\n<p style=\"text-align: right;\"><em>Fuente: Gobierno del Estado de Paran\u00e1<\/em><\/p>\n<p>[\/vc_column_text]<div class=\"clearboth\"><\/div><style>#thegem-divider-69fa3b9249c3c {margin-top: 30px !important;}<\/style><div id=\"thegem-divider-69fa3b9249c3c\" class=\"gem-divider  \" style=\"\"><\/div>[\/vc_column][\/vc_row]<\/p>\n","protected":false},"excerpt":{"rendered":"<p>[vc_row][vc_column][\/vc_column][\/vc_row][vc_row][vc_column][vc_column_text] Abastecimiento de agua \u00a0 \u00a0 \u00a0 \u00a0 \u00a0 \u00a0 [\/vc_column_text][vc_column_text]En 2021, la red general de distribuci\u00f3n de agua alcanz\u00f3&#8230;<\/p>\n","protected":false},"author":1,"featured_media":0,"parent":0,"menu_order":0,"comment_status":"closed","ping_status":"closed","template":"","meta":[],"_links":{"self":[{"href":"https:\/\/frgemnumeros.indespar.com.br\/es\/wp-json\/wp\/v2\/pages\/1375"}],"collection":[{"href":"https:\/\/frgemnumeros.indespar.com.br\/es\/wp-json\/wp\/v2\/pages"}],"about":[{"href":"https:\/\/frgemnumeros.indespar.com.br\/es\/wp-json\/wp\/v2\/types\/page"}],"author":[{"embeddable":true,"href":"https:\/\/frgemnumeros.indespar.com.br\/es\/wp-json\/wp\/v2\/users\/1"}],"replies":[{"embeddable":true,"href":"https:\/\/frgemnumeros.indespar.com.br\/es\/wp-json\/wp\/v2\/comments?post=1375"}],"version-history":[{"count":18,"href":"https:\/\/frgemnumeros.indespar.com.br\/es\/wp-json\/wp\/v2\/pages\/1375\/revisions"}],"predecessor-version":[{"id":2450,"href":"https:\/\/frgemnumeros.indespar.com.br\/es\/wp-json\/wp\/v2\/pages\/1375\/revisions\/2450"}],"wp:attachment":[{"href":"https:\/\/frgemnumeros.indespar.com.br\/es\/wp-json\/wp\/v2\/media?parent=1375"}],"curies":[{"name":"wp","href":"https:\/\/api.w.org\/{rel}","templated":true}]}}