

{"id":1383,"date":"2023-06-20T11:50:56","date_gmt":"2023-06-20T14:50:56","guid":{"rendered":"https:\/\/frgemnumeros.indespar.com.br\/es\/?page_id=1383"},"modified":"2023-07-20T14:59:43","modified_gmt":"2023-07-20T17:59:43","slug":"fluxo-de-veiculos","status":"publish","type":"page","link":"https:\/\/frgemnumeros.indespar.com.br\/es\/fluxo-de-veiculos\/","title":{"rendered":"FLUXO DE VE\u00cdCULOS"},"content":{"rendered":"<p>[vc_row][vc_column]<div class=\"clearboth\"><\/div><style>#thegem-divider-69fa3bc100e13 {margin-top: 50px !important;}<\/style><div id=\"thegem-divider-69fa3bc100e13\" class=\"gem-divider  \" style=\"\"><\/div>[\/vc_column][\/vc_row][vc_row][vc_column]<div class=\"clearboth\"><\/div><style>#thegem-divider-69fa3bc100f94 {margin-top: 30px !important;}<\/style><div id=\"thegem-divider-69fa3bc100f94\" class=\"gem-divider  \" style=\"\"><\/div>[vc_column_text]<\/p>\n<div class=\"title-h2\">Fluxo de Ve\u00edculos na BR 116<\/div>\n<h2><span style=\"color: #eba900;\"><del>\u00a0 \u00a0 \u00a0 \u00a0 \u00a0 \u00a0<\/del><\/span><\/h2>\n<p>[\/vc_column_text]<div class=\"clearboth\"><\/div><div id=\"thegem-divider-69fa3bc100fb9\" class=\"gem-divider  \" style=\"\"><\/div>[vc_column_text]<span class=\"light\">Em 2022, transitava diariamente pela BR 116, rodovia federal que corta o munic\u00edpio, um total de 29.914 ve\u00edculos diariamente, contra 27.343 ve\u00edculos no ano de 2019, representando uma evolu\u00e7\u00e3o no n\u00famero de ve\u00edculos que transitam pela regi\u00e3o na ordem 9,4%.<\/span>[\/vc_column_text]<div class=\"clearboth\"><\/div><style>#thegem-divider-69fa3bc100fcf {margin-top: 30px !important;}<\/style><div id=\"thegem-divider-69fa3bc100fcf\" class=\"gem-divider  \" style=\"\"><\/div>[vc_column_text]<\/p>\n<div class=\"title-h3\">tabela &#8211; Fluxo de Ve\u00edculos BR 116<\/div>\n<p>[\/vc_column_text]<div class=\"gem-table gem-table-responsive gem-table-style-1\"><table width=\"360\">\n<tbody>\n<tr>\n<td style=\"text-align: center;\" width=\"112\"><span style=\"color: #eba900;\"><strong>Ano 2022<\/strong><\/span><\/td>\n<td style=\"text-align: center;\" rowspan=\"2\" width=\"86\"><span style=\"color: #eba900;\"><strong>Ve\u00edculos Leves<\/strong><\/span><\/td>\n<td style=\"text-align: center;\" colspan=\"2\" width=\"122\"><span style=\"color: #eba900;\"><strong>Ve\u00edculos Pesados<\/strong><\/span><\/td>\n<td style=\"text-align: center;\" rowspan=\"2\" width=\"40\"><span style=\"color: #eba900;\"><strong>Total<\/strong><\/span><\/td>\n<\/tr>\n<tr>\n<td style=\"text-align: center;\"><strong>Sentido<\/strong><\/td>\n<td style=\"text-align: center;\"><strong>Unit\u00e1rios<\/strong><\/td>\n<td style=\"text-align: center;\"><strong>Articulados<\/strong><\/td>\n<\/tr>\n<tr>\n<td style=\"text-align: center;\">Norte<\/td>\n<td style=\"text-align: center;\">11.267<\/td>\n<td style=\"text-align: center;\">2.112<\/td>\n<td style=\"text-align: center;\">1.153<\/td>\n<td style=\"text-align: center;\">14.532<\/td>\n<\/tr>\n<tr>\n<td style=\"text-align: center;\">Sul<\/td>\n<td style=\"text-align: center;\">11.785<\/td>\n<td style=\"text-align: center;\">2.342<\/td>\n<td style=\"text-align: center;\">1.255<\/td>\n<td style=\"text-align: center;\">15.382<\/td>\n<\/tr>\n<tr>\n<td style=\"text-align: center;\">Total<\/td>\n<td style=\"text-align: center;\">23.052<\/td>\n<td style=\"text-align: center;\">4.454<\/td>\n<td style=\"text-align: center;\">2.408<\/td>\n<td style=\"text-align: center;\">29.914<\/td>\n<\/tr>\n<tr>\n<td><\/td>\n<td><\/td>\n<td><\/td>\n<td><\/td>\n<td><\/td>\n<\/tr>\n<tr>\n<td style=\"text-align: center;\"><span style=\"color: #eba900;\"><strong>Ano 2019<\/strong><\/span><\/td>\n<td style=\"text-align: center;\" rowspan=\"2\" width=\"86\"><span style=\"color: #eba900;\"><strong>Ve\u00edculos Leves<\/strong><\/span><\/td>\n<td style=\"text-align: center;\" colspan=\"2\"><span style=\"color: #eba900;\"><strong>Ve\u00edculos Pesados<\/strong><\/span><\/td>\n<td style=\"text-align: center;\" rowspan=\"2\" width=\"40\"><span style=\"color: #eba900;\"><strong>Total<\/strong><\/span><\/td>\n<\/tr>\n<tr>\n<td style=\"text-align: center;\"><strong>Sentido<\/strong><\/td>\n<td style=\"text-align: center;\"><strong>Unit\u00e1rios<\/strong><\/td>\n<td style=\"text-align: center;\"><strong>Articulados<\/strong><\/td>\n<\/tr>\n<tr>\n<td style=\"text-align: center;\">Norte<\/td>\n<td style=\"text-align: center;\">11.817<\/td>\n<td style=\"text-align: center;\">1.795<\/td>\n<td style=\"text-align: center;\">903<\/td>\n<td style=\"text-align: center;\">14.515<\/td>\n<\/tr>\n<tr>\n<td style=\"text-align: center;\">Sul<\/td>\n<td style=\"text-align: center;\">9.585<\/td>\n<td style=\"text-align: center;\">2.039<\/td>\n<td style=\"text-align: center;\">1.204<\/td>\n<td style=\"text-align: center;\">12.828<\/td>\n<\/tr>\n<tr>\n<td style=\"text-align: center;\">Total<\/td>\n<td style=\"text-align: center;\">21.402<\/td>\n<td style=\"text-align: center;\">3.834<\/td>\n<td style=\"text-align: center;\">2.107<\/td>\n<td style=\"text-align: center;\">27.343<\/td>\n<\/tr>\n<tr>\n<td style=\"text-align: center;\">Evolu\u00e7\u00e3o 2019-2022<\/td>\n<td style=\"text-align: center;\">7,70%<\/td>\n<td style=\"text-align: center;\">16,20%<\/td>\n<td style=\"text-align: center;\">14,30%<\/td>\n<td style=\"text-align: center;\">9,40%<\/td>\n<\/tr>\n<\/tbody>\n<\/table>\n<\/div>[vc_column_text]<\/p>\n<p style=\"text-align: right;\"><em>FONTE: Concession\u00e1ria ARTERIS.<\/em><\/p>\n<p>[\/vc_column_text]<div class=\"clearboth\"><\/div><style>#thegem-divider-69fa3bc101146 {margin-top: 30px !important;}<\/style><div id=\"thegem-divider-69fa3bc101146\" class=\"gem-divider  \" style=\"\"><\/div>[\/vc_column][\/vc_row]<\/p>\n","protected":false},"excerpt":{"rendered":"<p>[vc_row][vc_column][\/vc_column][\/vc_row][vc_row][vc_column][vc_column_text] Fluxo de Ve\u00edculos na BR 116 \u00a0 \u00a0 \u00a0 \u00a0 \u00a0 \u00a0 [\/vc_column_text][vc_column_text]Em 2022, transitava diariamente pela BR 116,&#8230;<\/p>\n","protected":false},"author":1,"featured_media":0,"parent":0,"menu_order":0,"comment_status":"closed","ping_status":"closed","template":"","meta":[],"_links":{"self":[{"href":"https:\/\/frgemnumeros.indespar.com.br\/es\/wp-json\/wp\/v2\/pages\/1383"}],"collection":[{"href":"https:\/\/frgemnumeros.indespar.com.br\/es\/wp-json\/wp\/v2\/pages"}],"about":[{"href":"https:\/\/frgemnumeros.indespar.com.br\/es\/wp-json\/wp\/v2\/types\/page"}],"author":[{"embeddable":true,"href":"https:\/\/frgemnumeros.indespar.com.br\/es\/wp-json\/wp\/v2\/users\/1"}],"replies":[{"embeddable":true,"href":"https:\/\/frgemnumeros.indespar.com.br\/es\/wp-json\/wp\/v2\/comments?post=1383"}],"version-history":[{"count":9,"href":"https:\/\/frgemnumeros.indespar.com.br\/es\/wp-json\/wp\/v2\/pages\/1383\/revisions"}],"predecessor-version":[{"id":2215,"href":"https:\/\/frgemnumeros.indespar.com.br\/es\/wp-json\/wp\/v2\/pages\/1383\/revisions\/2215"}],"wp:attachment":[{"href":"https:\/\/frgemnumeros.indespar.com.br\/es\/wp-json\/wp\/v2\/media?parent=1383"}],"curies":[{"name":"wp","href":"https:\/\/api.w.org\/{rel}","templated":true}]}}