

{"id":1385,"date":"2023-06-20T11:51:27","date_gmt":"2023-06-20T14:51:27","guid":{"rendered":"https:\/\/frgemnumeros.indespar.com.br\/es\/?page_id=1385"},"modified":"2023-08-08T12:27:33","modified_gmt":"2023-08-08T15:27:33","slug":"distancias","status":"publish","type":"page","link":"https:\/\/frgemnumeros.indespar.com.br\/es\/distancias\/","title":{"rendered":"DISTANCIAS"},"content":{"rendered":"<p>[vc_row][vc_column]<div class=\"clearboth\"><\/div><style>#thegem-divider-69fa391353853 {margin-top: 50px !important;}<\/style><div id=\"thegem-divider-69fa391353853\" class=\"gem-divider  \" style=\"\"><\/div>[\/vc_column][\/vc_row][vc_row][vc_column]<div class=\"clearboth\"><\/div><style>#thegem-divider-69fa3913539d9 {margin-top: 30px !important;}<\/style><div id=\"thegem-divider-69fa3913539d9\" class=\"gem-divider  \" style=\"\"><\/div>[vc_column_text]<\/p>\n<h3>Distancias<br \/>\n<span style=\"color: #eba900;\"><del>\u00a0 \u00a0 \u00a0 \u00a0 \u00a0 \u00a0<\/del><\/span><\/h3>\n<p>[\/vc_column_text]<div class=\"clearboth\"><\/div><div id=\"thegem-divider-69fa3913539f1\" class=\"gem-divider  \" style=\"\"><\/div>[vc_column_text]A continuaci\u00f3n presentamos las distancias por carretera desde Fazenda Rio Grande en relaci\u00f3n a las principales capitales del pa\u00eds, puertos y aeropuertos.[\/vc_column_text]<div class=\"clearboth\"><\/div><style>#thegem-divider-69fa391353a03 {margin-top: 30px !important;}<\/style><div id=\"thegem-divider-69fa391353a03\" class=\"gem-divider  \" style=\"\"><\/div>[vc_column_text]<\/p>\n<div class=\"title-h3\">\n<p>Tabla \u2013 Distancias por carretera<\/p>\n<\/div>\n<p>[\/vc_column_text]<div class=\"gem-table gem-table-responsive gem-table-style-1\"><table width=\"203\">\n<tbody>\n<tr>\n<td style=\"text-align: center;\" width=\"123\"><span style=\"color: #eba900;\"><strong>Capitales<\/strong><\/span><\/td>\n<td style=\"text-align: center;\" width=\"24\"><span style=\"color: #eba900;\"><strong>UF<\/strong><\/span><\/td>\n<td style=\"text-align: center;\" width=\"56\"><span style=\"color: #eba900;\"><strong>Distancia por carretera en km<\/strong><\/span><\/td>\n<\/tr>\n<tr>\n<td>Porto Alegre<\/td>\n<td>RS<\/td>\n<td>674<\/td>\n<\/tr>\n<tr>\n<td>Florian\u00f3polis<\/td>\n<td>SC<\/td>\n<td>296<\/td>\n<\/tr>\n<tr>\n<td>Curitiba<\/td>\n<td>PR<\/td>\n<td>27<\/td>\n<\/tr>\n<tr>\n<td>S\u00e3o Paulo<\/td>\n<td>SP<\/td>\n<td>446<\/td>\n<\/tr>\n<tr>\n<td>Rio de Janeiro<\/td>\n<td>RJ<\/td>\n<td>873<\/td>\n<\/tr>\n<tr>\n<td>Belo Horizonte<\/td>\n<td>MG<\/td>\n<td>1022<\/td>\n<\/tr>\n<tr>\n<td>Bras\u00edlia<\/td>\n<td>DF<\/td>\n<td>1420<\/td>\n<\/tr>\n<tr>\n<td>Cuiab\u00e1<\/td>\n<td>MT<\/td>\n<td>1734<\/td>\n<\/tr>\n<tr>\n<td>Salvador<\/td>\n<td>BA<\/td>\n<td>2399<\/td>\n<\/tr>\n<tr>\n<td>Recife<\/td>\n<td>PE<\/td>\n<td>3088<\/td>\n<\/tr>\n<tr>\n<td>Bel\u00e9m<\/td>\n<td>PA<\/td>\n<td>3308<\/td>\n<\/tr>\n<tr>\n<td style=\"text-align: center;\"><strong><span style=\"color: #eba900;\">Puertos<\/span><\/strong><\/td>\n<td style=\"text-align: center;\"><strong><span style=\"color: #eba900;\">UF<\/span><\/strong><\/td>\n<td style=\"text-align: center;\" width=\"56\"><strong><span style=\"color: #eba900;\">Distancia por carretera en km<\/span><\/strong><\/td>\n<\/tr>\n<tr>\n<td>Paranagu\u00e1<\/td>\n<td>PR<\/td>\n<td>109<\/td>\n<\/tr>\n<tr>\n<td>Itaja\u00ed<\/td>\n<td>SC<\/td>\n<td>202<\/td>\n<\/tr>\n<tr>\n<td>Itapo\u00e1<\/td>\n<td>SC<\/td>\n<td>126<\/td>\n<\/tr>\n<tr>\n<td>Santos<\/td>\n<td>SP<\/td>\n<td>443<\/td>\n<\/tr>\n<tr>\n<td>Rio de Janeiro<\/td>\n<td>RJ<\/td>\n<td>873<\/td>\n<\/tr>\n<tr>\n<td style=\"text-align: center;\"><strong><span style=\"color: #eba900;\">Aeropuertos<\/span><\/strong><\/td>\n<td style=\"text-align: center;\"><strong><span style=\"color: #eba900;\">UF<\/span><\/strong><\/td>\n<td style=\"text-align: center;\" width=\"56\"><strong><span style=\"color: #eba900;\">Distancia por carretera en km<\/span><\/strong><\/td>\n<\/tr>\n<tr>\n<td>Porto Alegre<\/td>\n<td>RS<\/td>\n<td>674<\/td>\n<\/tr>\n<tr>\n<td>Florian\u00f3polis<\/td>\n<td>SC<\/td>\n<td>296<\/td>\n<\/tr>\n<tr>\n<td>Navegantes<\/td>\n<td>SC<\/td>\n<td>198<\/td>\n<\/tr>\n<tr>\n<td>Joinville<\/td>\n<td>SC<\/td>\n<td>121<\/td>\n<\/tr>\n<tr>\n<td>S\u00e3o Jos\u00e9 dos Pinhais<\/td>\n<td>PR<\/td>\n<td>23<\/td>\n<\/tr>\n<tr>\n<td>S\u00e3o Paulo<\/td>\n<td>SP<\/td>\n<td>446<\/td>\n<\/tr>\n<tr>\n<td>Guarulhos<\/td>\n<td>SP<\/td>\n<td>460<\/td>\n<\/tr>\n<tr>\n<td>Rio de Janeiro<\/td>\n<td>RJ<\/td>\n<td>873<\/td>\n<\/tr>\n<tr>\n<td>Campinas<\/td>\n<td>SP<\/td>\n<td>509<\/td>\n<\/tr>\n<\/tbody>\n<\/table>\n<\/div>[vc_column_text]<\/p>\n<p style=\"text-align: right;\"><em>Fuente: Departamento Nacional de Infraestructura y Transporte \u2013 DNIT<br \/>\n<\/em><\/p>\n<p>[\/vc_column_text]<div class=\"clearboth\"><\/div><style>#thegem-divider-69fa391353bc5 {margin-top: 30px !important;}<\/style><div id=\"thegem-divider-69fa391353bc5\" class=\"gem-divider  \" style=\"\"><\/div>[\/vc_column][\/vc_row]<\/p>\n","protected":false},"excerpt":{"rendered":"<p>[vc_row][vc_column][\/vc_column][\/vc_row][vc_row][vc_column][vc_column_text] Distancias \u00a0 \u00a0 \u00a0 \u00a0 \u00a0 \u00a0 [\/vc_column_text][vc_column_text]A continuaci\u00f3n presentamos las distancias por carretera desde Fazenda Rio Grande en&#8230;<\/p>\n","protected":false},"author":1,"featured_media":0,"parent":0,"menu_order":0,"comment_status":"closed","ping_status":"closed","template":"","meta":[],"_links":{"self":[{"href":"https:\/\/frgemnumeros.indespar.com.br\/es\/wp-json\/wp\/v2\/pages\/1385"}],"collection":[{"href":"https:\/\/frgemnumeros.indespar.com.br\/es\/wp-json\/wp\/v2\/pages"}],"about":[{"href":"https:\/\/frgemnumeros.indespar.com.br\/es\/wp-json\/wp\/v2\/types\/page"}],"author":[{"embeddable":true,"href":"https:\/\/frgemnumeros.indespar.com.br\/es\/wp-json\/wp\/v2\/users\/1"}],"replies":[{"embeddable":true,"href":"https:\/\/frgemnumeros.indespar.com.br\/es\/wp-json\/wp\/v2\/comments?post=1385"}],"version-history":[{"count":10,"href":"https:\/\/frgemnumeros.indespar.com.br\/es\/wp-json\/wp\/v2\/pages\/1385\/revisions"}],"predecessor-version":[{"id":2410,"href":"https:\/\/frgemnumeros.indespar.com.br\/es\/wp-json\/wp\/v2\/pages\/1385\/revisions\/2410"}],"wp:attachment":[{"href":"https:\/\/frgemnumeros.indespar.com.br\/es\/wp-json\/wp\/v2\/media?parent=1385"}],"curies":[{"name":"wp","href":"https:\/\/api.w.org\/{rel}","templated":true}]}}