

{"id":1397,"date":"2023-06-20T11:55:30","date_gmt":"2023-06-20T14:55:30","guid":{"rendered":"https:\/\/frgemnumeros.indespar.com.br\/es\/?page_id=1397"},"modified":"2023-10-26T09:17:15","modified_gmt":"2023-10-26T12:17:15","slug":"pib-per-capita","status":"publish","type":"page","link":"https:\/\/frgemnumeros.indespar.com.br\/es\/pib-per-capita\/","title":{"rendered":"PIB PER C\u00c1PITA"},"content":{"rendered":"<p>[vc_row][vc_column]<div class=\"clearboth\"><\/div><style>#thegem-divider-69fa3ad46920e {margin-top: 50px !important;}<\/style><div id=\"thegem-divider-69fa3ad46920e\" class=\"gem-divider  \" style=\"\"><\/div>[\/vc_column][\/vc_row][vc_row][vc_column]<div class=\"clearboth\"><\/div><style>#thegem-divider-69fa3ad4693cf {margin-top: 30px !important;}<\/style><div id=\"thegem-divider-69fa3ad4693cf\" class=\"gem-divider  \" style=\"\"><\/div>[vc_column_text]<\/p>\n<div class=\"title-h2\">PIB per c\u00e1pita<br \/>\n<span style=\"color: #eba900;\"><del>\u00a0 \u00a0 \u00a0 \u00a0 \u00a0 \u00a0<\/del><\/span><\/div>\n<p>[\/vc_column_text]<div class=\"clearboth\"><\/div><div id=\"thegem-divider-69fa3ad4693ed\" class=\"gem-divider  \" style=\"\"><\/div>[vc_column_text]El PIB per c\u00e1pita es la divisi\u00f3n del PIB entre el n\u00famero de habitantes de un determinado municipio, regi\u00f3n, estado o pa\u00eds. Fazenda Rio Grande, tuvo un PIB per c\u00e1pita de R$ 28.173,96 en 2020 y un PIB per c\u00e1pita de R$ 10.392,47 en 2011, esta evoluci\u00f3n fue del 171,1% entre 2011 y 2020, crecimiento superior a la evoluci\u00f3n promedio alcanzada por el Estado de Paran\u00e1, 74,6% y Brasil, 59,1% en el mismo per\u00edodo.[\/vc_column_text]<div class=\"clearboth\"><\/div><style>#thegem-divider-69fa3ad469401 {margin-top: 30px !important;}<\/style><div id=\"thegem-divider-69fa3ad469401\" class=\"gem-divider  \" style=\"\"><\/div>[vc_column_text]<\/p>\n<div class=\"title-h3\">\n<p>Tabla \u2013 PIB per c\u00e1pita<\/p>\n<\/div>\n<p>[\/vc_column_text]<div class=\"gem-table gem-table-responsive gem-table-style-1\"><table width=\"595\">\n<tbody>\n<tr>\n<td width=\"58\"><\/td>\n<td colspan=\"3\" width=\"269\"><strong>En R$<\/strong><\/td>\n<td colspan=\"3\" width=\"269\"><strong>En US$<\/strong><\/td>\n<\/tr>\n<tr>\n<td width=\"58\">\n<p style=\"text-align: center;\"><span style=\"color: #eba900;\"><strong>A\u00f1o<\/strong><\/span><\/p>\n<\/td>\n<td style=\"text-align: center;\" width=\"90\"><span style=\"color: #eba900;\"><strong>Fazenda Rio Grande<\/strong><\/span><\/td>\n<td style=\"text-align: center;\" width=\"90\"><span style=\"color: #eba900;\"><strong>Paran\u00e1<\/strong><\/span><\/td>\n<td style=\"text-align: center;\" width=\"90\"><span style=\"color: #eba900;\"><strong>Brasil<\/strong><\/span><\/td>\n<td style=\"text-align: center;\" width=\"90\"><span style=\"color: #eba900;\"><strong>Fazenda Rio Grande<\/strong><\/span><\/td>\n<td style=\"text-align: center;\" width=\"90\"><span style=\"color: #eba900;\"><strong>Paran\u00e1<\/strong><\/span><\/td>\n<td width=\"90\">\n<p style=\"text-align: center;\"><span style=\"color: #eba900;\"><strong>Brasil<\/strong><\/span><\/p>\n<\/td>\n<\/tr>\n<tr>\n<td width=\"58\"><strong>&#8230;2011<\/strong><\/td>\n<td width=\"90\">10.392,47<\/td>\n<td width=\"90\">24.617,90<\/td>\n<td width=\"90\">22.942,33<\/td>\n<td width=\"90\">2.057,91<\/td>\n<td width=\"90\">4.874,83<\/td>\n<td width=\"90\">4.543,04<\/td>\n<\/tr>\n<tr>\n<td width=\"58\"><strong>&#8230;2012<\/strong><\/td>\n<td width=\"90\">11.650,06<\/td>\n<td width=\"90\">27.169,97<\/td>\n<td width=\"90\">25.027,43<\/td>\n<td width=\"90\">2.306,94<\/td>\n<td width=\"90\">5.380,19<\/td>\n<td width=\"90\">4.955,93<\/td>\n<\/tr>\n<tr>\n<td width=\"58\"><strong>&#8230;2013<\/strong><\/td>\n<td width=\"90\">15.947,34<\/td>\n<td width=\"90\">31.722,80<\/td>\n<td width=\"90\">27.714,10<\/td>\n<td width=\"90\">3.157,89<\/td>\n<td width=\"90\">6.281,74<\/td>\n<td width=\"90\">5.487,94<\/td>\n<\/tr>\n<tr>\n<td width=\"58\"><strong>&#8230;2014<\/strong><\/td>\n<td width=\"90\">18.773,77<\/td>\n<td width=\"90\">32.907,19<\/td>\n<td width=\"90\">29.803,16<\/td>\n<td width=\"90\">3.717,58<\/td>\n<td width=\"90\">6.516,28<\/td>\n<td width=\"90\">5.901,62<\/td>\n<\/tr>\n<tr>\n<td width=\"58\"><strong>&#8230;2015<\/strong><\/td>\n<td width=\"90\">19.754,55<\/td>\n<td width=\"90\">34.277,25<\/td>\n<td width=\"90\">29.824,93<\/td>\n<td width=\"90\">3.911,79<\/td>\n<td width=\"90\">6.787,57<\/td>\n<td width=\"90\">5.905,93<\/td>\n<\/tr>\n<tr>\n<td width=\"58\"><strong>&#8230;2016<\/strong><\/td>\n<td width=\"90\">22.797,26<\/td>\n<td width=\"90\">36.259,28<\/td>\n<td width=\"90\">30.918,64<\/td>\n<td width=\"90\">4.514,31<\/td>\n<td width=\"90\">7.180,06<\/td>\n<td width=\"90\">6.122,50<\/td>\n<\/tr>\n<tr>\n<td width=\"58\"><strong>&#8230;2017<\/strong><\/td>\n<td width=\"90\">25.837,02<\/td>\n<td width=\"90\">37.758,42<\/td>\n<td width=\"90\">32.210,70<\/td>\n<td width=\"90\">5.116,24<\/td>\n<td width=\"90\">7.476,91<\/td>\n<td width=\"90\">6.378,36<\/td>\n<\/tr>\n<tr>\n<td width=\"58\"><strong>&#8230;2018<\/strong><\/td>\n<td width=\"90\">26.874,20<\/td>\n<td width=\"90\">39.139,05<\/td>\n<td width=\"90\">33.987,25<\/td>\n<td width=\"90\">5.321,62<\/td>\n<td width=\"90\">7.750,31<\/td>\n<td width=\"90\">6.730,15<\/td>\n<\/tr>\n<tr>\n<td width=\"58\"><strong>&#8230;2019<\/strong><\/td>\n<td width=\"90\">26.290,34<\/td>\n<td width=\"90\">41.196,14<\/td>\n<td width=\"90\">35.582,67<\/td>\n<td width=\"90\">5.206,01<\/td>\n<td width=\"90\">8.157,65<\/td>\n<td width=\"90\">7.046,07<\/td>\n<\/tr>\n<tr>\n<td width=\"58\"><strong>&#8230;2020<\/strong><\/td>\n<td width=\"90\">28.173,96<\/td>\n<td width=\"90\">42.993,51<\/td>\n<td width=\"90\">36.497,76<\/td>\n<td width=\"90\">5.579,00<\/td>\n<td width=\"90\">8.513,57<\/td>\n<td width=\"90\">7.227,28<\/td>\n<\/tr>\n<\/tbody>\n<\/table>\n<\/div>[vc_column_text]<\/p>\n<p style=\"text-align: right;\"><em>Fuente: Instituto Brasile\u00f1o de Geograf\u00eda y Estad\u00edstica &#8211; IBGE<\/em><\/p>\n<p>[\/vc_column_text][vc_column_text]<\/p>\n<p style=\"text-align: right;\"><em>Nota: Cotizaci\u00f3n 1 d\u00f3lar = BRL 5.05 en octubre de 2023<\/em><\/p>\n<p>[\/vc_column_text]<div class=\"clearboth\"><\/div><div id=\"thegem-divider-69fa3ad4695d2\" class=\"gem-divider  \" style=\"\"><\/div>[\/vc_column][\/vc_row][vc_row full_width=&#8221;stretch_row&#8221; css=&#8221;.vc_custom_1687803246529{background-color: #ffffff !important;}&#8221;][vc_column]<div class=\"clearboth\"><\/div><div id=\"thegem-divider-69fa3ad4695ed\" class=\"gem-divider  \" style=\"\"><\/div>[vc_column_text]<\/p>\n<div class=\"title-h3\">\n<p>Gr\u00e1fico \u2013 Evoluci\u00f3n del PIB per c\u00e1pita en % \u2013 2011 &#8211; 2020<\/p>\n<\/div>\n<p>[\/vc_column_text][vc_single_image image=&#8221;2453&#8243; img_size=&#8221;1400&#215;1000&#8243; alignment=&#8221;center&#8221; css_animation=&#8221;fadeIn&#8221;][vc_column_text]<\/p>\n<p style=\"text-align: right;\"><em>Fuente: Instituto Brasile\u00f1o de Geograf\u00eda y Estad\u00edstica \u2013 IBGE<\/em><\/p>\n<p>[\/vc_column_text]<div class=\"clearboth\"><\/div><style>#thegem-divider-69fa3ad469605 {margin-top: 30px !important;}<\/style><div id=\"thegem-divider-69fa3ad469605\" class=\"gem-divider  \" style=\"\"><\/div>[\/vc_column][\/vc_row]<\/p>\n","protected":false},"excerpt":{"rendered":"<p>[vc_row][vc_column][\/vc_column][\/vc_row][vc_row][vc_column][vc_column_text] PIB per c\u00e1pita \u00a0 \u00a0 \u00a0 \u00a0 \u00a0 \u00a0 [\/vc_column_text][vc_column_text]El PIB per c\u00e1pita es la divisi\u00f3n del PIB entre&#8230;<\/p>\n","protected":false},"author":1,"featured_media":0,"parent":0,"menu_order":0,"comment_status":"closed","ping_status":"closed","template":"","meta":[],"_links":{"self":[{"href":"https:\/\/frgemnumeros.indespar.com.br\/es\/wp-json\/wp\/v2\/pages\/1397"}],"collection":[{"href":"https:\/\/frgemnumeros.indespar.com.br\/es\/wp-json\/wp\/v2\/pages"}],"about":[{"href":"https:\/\/frgemnumeros.indespar.com.br\/es\/wp-json\/wp\/v2\/types\/page"}],"author":[{"embeddable":true,"href":"https:\/\/frgemnumeros.indespar.com.br\/es\/wp-json\/wp\/v2\/users\/1"}],"replies":[{"embeddable":true,"href":"https:\/\/frgemnumeros.indespar.com.br\/es\/wp-json\/wp\/v2\/comments?post=1397"}],"version-history":[{"count":14,"href":"https:\/\/frgemnumeros.indespar.com.br\/es\/wp-json\/wp\/v2\/pages\/1397\/revisions"}],"predecessor-version":[{"id":2454,"href":"https:\/\/frgemnumeros.indespar.com.br\/es\/wp-json\/wp\/v2\/pages\/1397\/revisions\/2454"}],"wp:attachment":[{"href":"https:\/\/frgemnumeros.indespar.com.br\/es\/wp-json\/wp\/v2\/media?parent=1397"}],"curies":[{"name":"wp","href":"https:\/\/api.w.org\/{rel}","templated":true}]}}