

{"id":1399,"date":"2023-06-20T11:56:12","date_gmt":"2023-06-20T14:56:12","guid":{"rendered":"https:\/\/frgemnumeros.indespar.com.br\/es\/?page_id=1399"},"modified":"2023-10-26T09:19:32","modified_gmt":"2023-10-26T12:19:32","slug":"vaf-valor-adicional-fiscal","status":"publish","type":"page","link":"https:\/\/frgemnumeros.indespar.com.br\/es\/vaf-valor-adicional-fiscal\/","title":{"rendered":"VAF &#8211; VALOR FISCAL ADICIONAL"},"content":{"rendered":"<p>[vc_row][vc_column]<div class=\"clearboth\"><\/div><style>#thegem-divider-69fa3bb523aea {margin-top: 50px !important;}<\/style><div id=\"thegem-divider-69fa3bb523aea\" class=\"gem-divider  \" style=\"\"><\/div>[\/vc_column][\/vc_row][vc_row][vc_column]<div class=\"clearboth\"><\/div><style>#thegem-divider-69fa3bb523cd5 {margin-top: 30px !important;}<\/style><div id=\"thegem-divider-69fa3bb523cd5\" class=\"gem-divider  \" style=\"\"><\/div>[vc_column_text]<\/p>\n<div class=\"title-h2\">VAF &#8211; Valor Fiscal Adicional<br \/>\n<span style=\"color: #eba900;\"><del>\u00a0 \u00a0 \u00a0 \u00a0 \u00a0 \u00a0<\/del><\/span><\/div>\n<p>[\/vc_column_text]<div class=\"clearboth\"><\/div><div id=\"thegem-divider-69fa3bb523cef\" class=\"gem-divider  \" style=\"\"><\/div>[vc_column_text]El Impuesto al Valor Agregado (VAF) es un indicador econ\u00f3mico-contable que utiliza el Estado para calcular el \u00edndice de participaci\u00f3n municipal en la transferencia de ingresos del Impuesto sobre Operaciones Relacionadas con la Circulaci\u00f3n de Mercanc\u00edas y sobre la Prestaci\u00f3n de Servicios de Transporte e Interestatales y Comunicaciones Intermunicipales (ICMS) y el Impuesto a los Productos Industrializados (IPI) a los municipios. Se determina con base en las declaraciones anuales presentadas por las empresas establecidas en los respectivos municipios.<\/p>\n<p>En 2020, el Municipio tuvo un VAF de 2,2 mil millones de reales frente a 748,6 mil en 2011. Durante este per\u00edodo el VAF creci\u00f3 un 204,0% en este per\u00edodo, contra un crecimiento del 94,8% en el Estado de Paran\u00e1 y del 77,3% en Brasil.[\/vc_column_text]<div class=\"clearboth\"><\/div><style>#thegem-divider-69fa3bb523d02 {margin-top: 30px !important;}<\/style><div id=\"thegem-divider-69fa3bb523d02\" class=\"gem-divider  \" style=\"\"><\/div>[vc_column_text]<\/p>\n<div class=\"title-h3\">\n<p>Tabla \u2013 VAF<\/p>\n<\/div>\n<p>[\/vc_column_text]<div class=\"gem-table gem-table-responsive gem-table-style-1\"><table width=\"624\">\n<tbody>\n<tr>\n<td width=\"58\"><\/td>\n<td colspan=\"3\" width=\"288\">\n<p style=\"text-align: center;\"><strong>En R$ 1.000,00<\/strong><\/p>\n<\/td>\n<td style=\"text-align: center;\" colspan=\"3\" width=\"279\"><strong>En US$ 1.000,00<\/strong><\/td>\n<\/tr>\n<tr>\n<td style=\"text-align: center;\" width=\"58\"><span style=\"color: #eba900;\"><strong>A\u00f1o<\/strong><\/span><\/td>\n<td style=\"text-align: center;\" width=\"90\"><span style=\"color: #eba900;\"><strong>Fazenda Rio Grande<\/strong><\/span><\/td>\n<td style=\"text-align: center;\" width=\"91\"><span style=\"color: #eba900;\"><strong>Paran\u00e1<\/strong><\/span><\/td>\n<td style=\"text-align: center;\" width=\"107\"><span style=\"color: #eba900;\"><strong>Brasil<\/strong><\/span><\/td>\n<td style=\"text-align: center;\" width=\"90\"><span style=\"color: #eba900;\"><strong>Fazenda Rio Grande<\/strong><\/span><\/td>\n<td style=\"text-align: center;\" width=\"89\"><span style=\"color: #eba900;\"><strong>Paran\u00e1<\/strong><\/span><\/td>\n<td width=\"100\">\n<p style=\"text-align: center;\"><span style=\"color: #eba900;\"><strong>Brasil<\/strong><\/span><\/p>\n<\/td>\n<\/tr>\n<tr>\n<td width=\"58\"><strong>&#8230;2011<\/strong><\/td>\n<td width=\"90\">748.628<\/td>\n<td width=\"91\">218.851.113<\/td>\n<td width=\"107\">3.720.461.000<\/td>\n<td width=\"90\">148.243<\/td>\n<td width=\"89\">43.336.854<\/td>\n<td width=\"100\">736.724.950<\/td>\n<\/tr>\n<tr>\n<td width=\"58\"><strong>&#8230;2012<\/strong><\/td>\n<td width=\"90\">828.805<\/td>\n<td width=\"91\">242.927.258<\/td>\n<td width=\"107\">4.094.259.000<\/td>\n<td width=\"90\">164.120<\/td>\n<td width=\"89\">48.104.408<\/td>\n<td width=\"100\">810.744.356<\/td>\n<\/tr>\n<tr>\n<td width=\"58\"><strong>&#8230;2013<\/strong><\/td>\n<td width=\"90\">1.078.754<\/td>\n<td width=\"91\">287.678.617<\/td>\n<td width=\"107\">4.553.760.000<\/td>\n<td width=\"90\">213.615<\/td>\n<td width=\"89\">56.966.063<\/td>\n<td width=\"100\">901.734.653<\/td>\n<\/tr>\n<tr>\n<td width=\"58\"><strong>&#8230;2014<\/strong><\/td>\n<td width=\"90\">1.293.618<\/td>\n<td width=\"91\">301.106.704<\/td>\n<td width=\"107\">4.972.734.000<\/td>\n<td width=\"90\">256.162<\/td>\n<td width=\"89\">59.625.090<\/td>\n<td width=\"100\">984.699.802<\/td>\n<\/tr>\n<tr>\n<td width=\"58\"><strong>&#8230;2015<\/strong><\/td>\n<td width=\"90\">1.438.534<\/td>\n<td width=\"91\">326.630.550<\/td>\n<td width=\"107\">5.155.601.000<\/td>\n<td width=\"90\">284.858<\/td>\n<td width=\"89\">64.679.317<\/td>\n<td width=\"100\">1.020.911.089<\/td>\n<\/tr>\n<tr>\n<td width=\"58\"><strong>&#8230;2016<\/strong><\/td>\n<td width=\"90\">1.686.110<\/td>\n<td width=\"91\">351.329.557<\/td>\n<td width=\"107\">5.419.822.000<\/td>\n<td width=\"90\">333.883<\/td>\n<td width=\"89\">69.570.209<\/td>\n<td width=\"100\">1.073.232.079<\/td>\n<\/tr>\n<tr>\n<td width=\"58\"><strong>&#8230;2017<\/strong><\/td>\n<td width=\"90\">1.906.507<\/td>\n<td width=\"91\">366.028.416<\/td>\n<td width=\"107\">5.671.926.000<\/td>\n<td width=\"90\">377.526<\/td>\n<td width=\"89\">72.480.874<\/td>\n<td width=\"100\">1.123.153.663<\/td>\n<\/tr>\n<tr>\n<td width=\"58\"><strong>&#8230;2018<\/strong><\/td>\n<td width=\"90\">2.015.853<\/td>\n<td width=\"91\">382.568.113<\/td>\n<td width=\"107\">6.011.150.000<\/td>\n<td width=\"90\">399.179<\/td>\n<td width=\"89\">75.756.062<\/td>\n<td width=\"100\">1.190.326.733<\/td>\n<\/tr>\n<tr>\n<td width=\"58\"><strong>&#8230;2019<\/strong><\/td>\n<td width=\"90\">2.019.045<\/td>\n<td width=\"91\">405.628.787<\/td>\n<td width=\"107\">6.356.684.000<\/td>\n<td width=\"90\">399.811<\/td>\n<td width=\"89\">80.322.532<\/td>\n<td width=\"100\">1.258.749.307<\/td>\n<\/tr>\n<tr>\n<td width=\"58\"><strong>&#8230;2020<\/strong><\/td>\n<td width=\"90\">2.275.994<\/td>\n<td width=\"91\">426.369.453<\/td>\n<td width=\"107\">6.594.937.000<\/td>\n<td width=\"90\">450.692<\/td>\n<td width=\"89\">84.429.595<\/td>\n<td width=\"100\">1.305.928.119<\/td>\n<\/tr>\n<\/tbody>\n<\/table>\n<\/div>[vc_column_text]<\/p>\n<p style=\"text-align: right;\"><em>IBGE Fuente: Instituto Brasile\u00f1o de Geograf\u00eda y Estad\u00edstica &#8211; IBGE<\/em><\/p>\n<p>[\/vc_column_text][vc_column_text]<\/p>\n<p style=\"text-align: right;\"><em>Nota: cotizaci\u00f3n 1 d\u00f3lar = BRL 5.05 en octubre de 2023<\/em><\/p>\n<p>[\/vc_column_text]<div class=\"clearboth\"><\/div><div id=\"thegem-divider-69fa3bb523ea9\" class=\"gem-divider  \" style=\"\"><\/div>[\/vc_column][\/vc_row][vc_row][vc_column]<div class=\"clearboth\"><\/div><div id=\"thegem-divider-69fa3bb523ebb\" class=\"gem-divider  \" style=\"\"><\/div>[vc_column_text]<\/p>\n<div class=\"title-h3\">\n<p>Gr\u00e1fico \u2013 Evolu\u00e7\u00e3o do VAF em % \u2013 2011 \u2013 2020<\/p>\n<\/div>\n<p>[\/vc_column_text][vc_single_image image=&#8221;2455&#8243; img_size=&#8221;1400&#215;1000&#8243;][vc_column_text]<\/p>\n<p style=\"text-align: right;\"><em>\u00a0Fuente: Instituto Brasile\u00f1o de Geograf\u00eda y Estad\u00edstica \u2013 IBGE<\/em><\/p>\n<p>[\/vc_column_text]<div class=\"clearboth\"><\/div><style>#thegem-divider-69fa3bb523eca {margin-top: 30px !important;}<\/style><div id=\"thegem-divider-69fa3bb523eca\" class=\"gem-divider  \" style=\"\"><\/div>[\/vc_column][\/vc_row]<\/p>\n","protected":false},"excerpt":{"rendered":"<p>[vc_row][vc_column][\/vc_column][\/vc_row][vc_row][vc_column][vc_column_text] VAF &#8211; Valor Fiscal Adicional \u00a0 \u00a0 \u00a0 \u00a0 \u00a0 \u00a0 [\/vc_column_text][vc_column_text]El Impuesto al Valor Agregado (VAF) es un&#8230;<\/p>\n","protected":false},"author":1,"featured_media":0,"parent":0,"menu_order":0,"comment_status":"closed","ping_status":"closed","template":"","meta":[],"_links":{"self":[{"href":"https:\/\/frgemnumeros.indespar.com.br\/es\/wp-json\/wp\/v2\/pages\/1399"}],"collection":[{"href":"https:\/\/frgemnumeros.indespar.com.br\/es\/wp-json\/wp\/v2\/pages"}],"about":[{"href":"https:\/\/frgemnumeros.indespar.com.br\/es\/wp-json\/wp\/v2\/types\/page"}],"author":[{"embeddable":true,"href":"https:\/\/frgemnumeros.indespar.com.br\/es\/wp-json\/wp\/v2\/users\/1"}],"replies":[{"embeddable":true,"href":"https:\/\/frgemnumeros.indespar.com.br\/es\/wp-json\/wp\/v2\/comments?post=1399"}],"version-history":[{"count":13,"href":"https:\/\/frgemnumeros.indespar.com.br\/es\/wp-json\/wp\/v2\/pages\/1399\/revisions"}],"predecessor-version":[{"id":2456,"href":"https:\/\/frgemnumeros.indespar.com.br\/es\/wp-json\/wp\/v2\/pages\/1399\/revisions\/2456"}],"wp:attachment":[{"href":"https:\/\/frgemnumeros.indespar.com.br\/es\/wp-json\/wp\/v2\/media?parent=1399"}],"curies":[{"name":"wp","href":"https:\/\/api.w.org\/{rel}","templated":true}]}}