

{"id":1407,"date":"2023-06-20T11:59:07","date_gmt":"2023-06-20T14:59:07","guid":{"rendered":"https:\/\/frgemnumeros.indespar.com.br\/es\/?page_id=1407"},"modified":"2023-08-08T13:08:09","modified_gmt":"2023-08-08T16:08:09","slug":"comercio-exterior","status":"publish","type":"page","link":"https:\/\/frgemnumeros.indespar.com.br\/es\/comercio-exterior\/","title":{"rendered":"COMERCIO EXTERIOR"},"content":{"rendered":"<p>[vc_row][vc_column]<div class=\"clearboth\"><\/div><style>#thegem-divider-69fa369537316 {margin-top: 50px !important;}<\/style><div id=\"thegem-divider-69fa369537316\" class=\"gem-divider  \" style=\"\"><\/div>[\/vc_column][\/vc_row][vc_row][vc_column]<div class=\"clearboth\"><\/div><style>#thegem-divider-69fa3695374c6 {margin-top: 30px !important;}<\/style><div id=\"thegem-divider-69fa3695374c6\" class=\"gem-divider  \" style=\"\"><\/div>[vc_column_text]<\/p>\n<div class=\"title-h2\">Balanza comercial<br \/>\n<span style=\"color: #eba900;\"><del>\u00a0 \u00a0 \u00a0 \u00a0 \u00a0 \u00a0<\/del><\/span><\/div>\n<p>[\/vc_column_text]<div class=\"clearboth\"><\/div><div id=\"thegem-divider-69fa3695374e3\" class=\"gem-divider  \" style=\"\"><\/div>[vc_column_text]El municipio de Fazenda Rio Grande, en el a\u00f1o 2021, registr\u00f3 saldo negativo en su balanza comercial con el exterior, caracteriz\u00e1ndolo como un municipio importador.[\/vc_column_text][vc_column_text]<\/p>\n<div class=\"title-h3\">\n<p>Tabla \u2013 Comercio Exterior en USD 1.00<\/p>\n<\/div>\n<p>[\/vc_column_text]<div class=\"gem-table gem-table-responsive gem-table-style-1\"><table width=\"376\">\n<tbody>\n<tr>\n<td style=\"text-align: center;\" colspan=\"4\" width=\"376\"><strong><span style=\"color: #eba900;\">Fazenda Rio Grande<\/span><\/strong><\/td>\n<\/tr>\n<tr>\n<td style=\"text-align: center;\"><strong>A\u00f1os<\/strong><\/td>\n<td style=\"text-align: center;\"><strong>Exportaciones<\/strong><\/td>\n<td style=\"text-align: center;\"><strong>Importaciones<\/strong><\/td>\n<td style=\"text-align: center;\"><strong>Saldos<\/strong><\/td>\n<\/tr>\n<tr>\n<td style=\"text-align: center;\">&#8230;2012<\/td>\n<td style=\"text-align: center;\">19.444.322<\/td>\n<td style=\"text-align: center;\">78.718.905<\/td>\n<td style=\"text-align: center;\">-59.274.583<\/td>\n<\/tr>\n<tr>\n<td style=\"text-align: center;\">&#8230;2013<\/td>\n<td style=\"text-align: center;\">20.123.485<\/td>\n<td style=\"text-align: center;\">197.302.866<\/td>\n<td style=\"text-align: center;\">-177.179.381<\/td>\n<\/tr>\n<tr>\n<td style=\"text-align: center;\">&#8230;2014<\/td>\n<td style=\"text-align: center;\">20.284.319<\/td>\n<td style=\"text-align: center;\">196.154.876<\/td>\n<td style=\"text-align: center;\">-175.870.557<\/td>\n<\/tr>\n<tr>\n<td style=\"text-align: center;\">&#8230;2015<\/td>\n<td style=\"text-align: center;\">32.202.548<\/td>\n<td style=\"text-align: center;\">128.935.703<\/td>\n<td style=\"text-align: center;\">-96.733.155<\/td>\n<\/tr>\n<tr>\n<td style=\"text-align: center;\">&#8230;2016<\/td>\n<td style=\"text-align: center;\">53.875.461<\/td>\n<td style=\"text-align: center;\">99.428.994<\/td>\n<td style=\"text-align: center;\">-45.553.533<\/td>\n<\/tr>\n<tr>\n<td style=\"text-align: center;\">&#8230;2017<\/td>\n<td style=\"text-align: center;\">53.866.358<\/td>\n<td style=\"text-align: center;\">142.474.771<\/td>\n<td style=\"text-align: center;\">-88.608.413<\/td>\n<\/tr>\n<tr>\n<td style=\"text-align: center;\">&#8230;2018<\/td>\n<td style=\"text-align: center;\">42.675.187<\/td>\n<td style=\"text-align: center;\">208.397.741<\/td>\n<td style=\"text-align: center;\">-165.722.554<\/td>\n<\/tr>\n<tr>\n<td style=\"text-align: center;\">&#8230;2019<\/td>\n<td style=\"text-align: center;\">36.127.268<\/td>\n<td style=\"text-align: center;\">151.367.908<\/td>\n<td style=\"text-align: center;\">-115.240.640<\/td>\n<\/tr>\n<tr>\n<td style=\"text-align: center;\">&#8230;2020<\/td>\n<td style=\"text-align: center;\">34.786.549<\/td>\n<td style=\"text-align: center;\">95.405.877<\/td>\n<td style=\"text-align: center;\">-60.619.328<\/td>\n<\/tr>\n<tr>\n<td style=\"text-align: center;\">&#8230;2021<\/td>\n<td style=\"text-align: center;\">58.864.792<\/td>\n<td style=\"text-align: center;\">159.251.511<\/td>\n<td style=\"text-align: center;\">-100.386.719<\/td>\n<\/tr>\n<tr>\n<td style=\"text-align: center;\">Evolu\u00e7\u00e3o 2020 &#8211; 2021<\/td>\n<td style=\"text-align: center;\">202,70%<\/td>\n<td style=\"text-align: center;\">102,30%<\/td>\n<td style=\"text-align: center;\"><\/td>\n<\/tr>\n<tr>\n<td style=\"text-align: center;\" colspan=\"4\"><span style=\"color: #eba900;\"><strong>Paran\u00e1<\/strong><\/span><\/td>\n<\/tr>\n<tr>\n<td style=\"text-align: center;\"><strong>A\u00f1os<\/strong><\/td>\n<td style=\"text-align: center;\" width=\"88\"><strong>Exportaciones<\/strong><\/td>\n<td style=\"text-align: center;\" width=\"88\"><strong>Importaciones<\/strong><\/td>\n<td style=\"text-align: center;\" width=\"82\"><strong>Saldos<\/strong><\/td>\n<\/tr>\n<tr>\n<td style=\"text-align: center;\">&#8230;2012<\/td>\n<td style=\"text-align: center;\" width=\"88\">19.758.509.190<\/td>\n<td style=\"text-align: center;\" width=\"88\">19.493.359.886<\/td>\n<td style=\"text-align: center;\" width=\"82\">265.149.304<\/td>\n<\/tr>\n<tr>\n<td style=\"text-align: center;\">&#8230;2013<\/td>\n<td style=\"text-align: center;\" width=\"88\">19.332.373.954<\/td>\n<td style=\"text-align: center;\" width=\"88\">19.427.720.969<\/td>\n<td style=\"text-align: center;\" width=\"82\">-95.347.015<\/td>\n<\/tr>\n<tr>\n<td style=\"text-align: center;\">&#8230;2014<\/td>\n<td style=\"text-align: center;\" width=\"88\">17.724.612.867<\/td>\n<td style=\"text-align: center;\" width=\"88\">17.329.092.130<\/td>\n<td style=\"text-align: center;\" width=\"82\">395.520.737<\/td>\n<\/tr>\n<tr>\n<td style=\"text-align: center;\">&#8230;2015<\/td>\n<td style=\"text-align: center;\" width=\"88\">16.413.915.420<\/td>\n<td style=\"text-align: center;\" width=\"88\">12.490.227.963<\/td>\n<td style=\"text-align: center;\" width=\"82\">3.923.687.457<\/td>\n<\/tr>\n<tr>\n<td style=\"text-align: center;\">&#8230;2016<\/td>\n<td style=\"text-align: center;\" width=\"88\">16.160.050.529<\/td>\n<td style=\"text-align: center;\" width=\"88\">11.166.856.666<\/td>\n<td style=\"text-align: center;\" width=\"82\">4.993.193.863<\/td>\n<\/tr>\n<tr>\n<td style=\"text-align: center;\">&#8230;2017<\/td>\n<td style=\"text-align: center;\" width=\"88\">19.356.418.239<\/td>\n<td style=\"text-align: center;\" width=\"88\">12.680.375.600<\/td>\n<td style=\"text-align: center;\" width=\"82\">6.676.042.639<\/td>\n<\/tr>\n<tr>\n<td style=\"text-align: center;\">&#8230;2018<\/td>\n<td style=\"text-align: center;\" width=\"88\">16.749.430.927<\/td>\n<td style=\"text-align: center;\" width=\"88\">14.103.426.888<\/td>\n<td style=\"text-align: center;\" width=\"82\">2.646.004.039<\/td>\n<\/tr>\n<tr>\n<td style=\"text-align: center;\">&#8230;2019<\/td>\n<td style=\"text-align: center;\" width=\"88\">18.196.250.551<\/td>\n<td style=\"text-align: center;\" width=\"88\">14.418.316.070<\/td>\n<td style=\"text-align: center;\" width=\"82\">3.777.934.481<\/td>\n<\/tr>\n<tr>\n<td style=\"text-align: center;\">&#8230;2020<\/td>\n<td style=\"text-align: center;\" width=\"88\">17.663.968.503<\/td>\n<td style=\"text-align: center;\" width=\"88\">11.877.651.843<\/td>\n<td style=\"text-align: center;\" width=\"82\">5.786.316.660<\/td>\n<\/tr>\n<tr>\n<td style=\"text-align: center;\">&#8230;2021<\/td>\n<td style=\"text-align: center;\" width=\"88\">21.176.647.686<\/td>\n<td style=\"text-align: center;\" width=\"88\">16.972.302.424<\/td>\n<td style=\"text-align: center;\" width=\"82\">4.204.345.262<\/td>\n<\/tr>\n<tr>\n<td style=\"text-align: center;\">Evolu\u00e7\u00e3o 2020 &#8211; 2021<\/td>\n<td style=\"text-align: center;\" width=\"88\">7,20%<\/td>\n<td style=\"text-align: center;\" width=\"88\">-12,90%<\/td>\n<td style=\"text-align: center;\" width=\"82\"><\/td>\n<\/tr>\n<tr>\n<td style=\"text-align: center;\" colspan=\"4\"><span style=\"color: #eba900;\"><strong>Brasil<\/strong><\/span><\/td>\n<\/tr>\n<tr>\n<td style=\"text-align: center;\"><strong>A\u00f1os<\/strong><\/td>\n<td style=\"text-align: center;\"><strong>Exportaciones<\/strong><\/td>\n<td style=\"text-align: center;\"><strong>Importaciones<\/strong><\/td>\n<td style=\"text-align: center;\"><strong>Saldos<\/strong><\/td>\n<\/tr>\n<tr>\n<td style=\"text-align: center;\">&#8230;2012<\/td>\n<td style=\"text-align: center;\">239.952.538.158<\/td>\n<td style=\"text-align: center;\">225.166.426.069<\/td>\n<td style=\"text-align: center;\">14.786.112.089<\/td>\n<\/tr>\n<tr>\n<td style=\"text-align: center;\">&#8230;2013<\/td>\n<td style=\"text-align: center;\">232.544.255.606<\/td>\n<td style=\"text-align: center;\">241.500.886.459<\/td>\n<td style=\"text-align: center;\">-8.956.630.853<\/td>\n<\/tr>\n<tr>\n<td style=\"text-align: center;\">&#8230;2014<\/td>\n<td style=\"text-align: center;\">220.923.236.838<\/td>\n<td style=\"text-align: center;\">230.823.018.796<\/td>\n<td style=\"text-align: center;\">-9.899.781.958<\/td>\n<\/tr>\n<tr>\n<td style=\"text-align: center;\">&#8230;2015<\/td>\n<td style=\"text-align: center;\">186.782.355.063<\/td>\n<td style=\"text-align: center;\">173.104.259.077<\/td>\n<td style=\"text-align: center;\">13.678.095.986<\/td>\n<\/tr>\n<tr>\n<td style=\"text-align: center;\">&#8230;2016<\/td>\n<td style=\"text-align: center;\">179.526.129.214<\/td>\n<td style=\"text-align: center;\">139.321.357.653<\/td>\n<td style=\"text-align: center;\">40.204.771.561<\/td>\n<\/tr>\n<tr>\n<td style=\"text-align: center;\">&#8230;2017<\/td>\n<td style=\"text-align: center;\">214.988.108.353<\/td>\n<td style=\"text-align: center;\">158.951.444.003<\/td>\n<td style=\"text-align: center;\">56.036.664.350<\/td>\n<\/tr>\n<tr>\n<td style=\"text-align: center;\">&#8230;2018<\/td>\n<td style=\"text-align: center;\">231.889.523.399<\/td>\n<td style=\"text-align: center;\">185.321.983.502<\/td>\n<td style=\"text-align: center;\">46.567.539.897<\/td>\n<\/tr>\n<tr>\n<td style=\"text-align: center;\">&#8230;2019<\/td>\n<td style=\"text-align: center;\">221.126.807.647<\/td>\n<td style=\"text-align: center;\">185.927.967.580<\/td>\n<td style=\"text-align: center;\">35.198.840.067<\/td>\n<\/tr>\n<tr>\n<td style=\"text-align: center;\">&#8230;2020<\/td>\n<td style=\"text-align: center;\">209.180.241.655<\/td>\n<td style=\"text-align: center;\">158.786.824.879<\/td>\n<td style=\"text-align: center;\">50.393.416.776<\/td>\n<\/tr>\n<tr>\n<td style=\"text-align: center;\">&#8230;2021<\/td>\n<td style=\"text-align: center;\">280.814.577.460<\/td>\n<td style=\"text-align: center;\">219.408.049.180<\/td>\n<td style=\"text-align: center;\">61.406.528.280<\/td>\n<\/tr>\n<tr>\n<td style=\"text-align: center;\">Evolu\u00e7\u00e3o 2020 &#8211; 2021<\/td>\n<td style=\"text-align: center;\">17,00%<\/td>\n<td style=\"text-align: center;\">-2,60%<\/td>\n<td><\/td>\n<\/tr>\n<\/tbody>\n<\/table>\n<\/div>[vc_column_text]<\/p>\n<p style=\"text-align: right;\"><em>Fuente: Ministerio de Industria, Comercio Exterior y Servicios &#8211; MDIC<\/em><\/p>\n<p>[\/vc_column_text]<div class=\"clearboth\"><\/div><div id=\"thegem-divider-69fa369537783\" class=\"gem-divider  \" style=\"\"><\/div>[\/vc_column][\/vc_row][vc_row full_width=&#8221;stretch_row&#8221; css=&#8221;.vc_custom_1687804707171{background-color: #ffffff !important;}&#8221;][vc_column]<div class=\"clearboth\"><\/div><div id=\"thegem-divider-69fa369537795\" class=\"gem-divider  \" style=\"\"><\/div>[vc_column_text]<\/p>\n<div class=\"title-h3\">Gr\u00e1fico \u2013 Saldo de la balanza comercial del municipio a USD 1,00<\/div>\n<p>[\/vc_column_text][vc_single_image image=&#8221;1923&#8243; img_size=&#8221;1400&#215;1000&#8243; alignment=&#8221;center&#8221; css_animation=&#8221;fadeIn&#8221;][vc_column_text]<\/p>\n<p style=\"text-align: right;\"><em>Fuente: Ministerio de Industria, Comercio Exterior y Servicios &#8211; MDIC<\/em><\/p>\n<p>[\/vc_column_text]<div class=\"clearboth\"><\/div><style>#thegem-divider-69fa3695377a5 {margin-top: 30px !important;}<\/style><div id=\"thegem-divider-69fa3695377a5\" class=\"gem-divider  \" style=\"\"><\/div>[\/vc_column][\/vc_row]<\/p>\n","protected":false},"excerpt":{"rendered":"<p>[vc_row][vc_column][\/vc_column][\/vc_row][vc_row][vc_column][vc_column_text] Balanza comercial \u00a0 \u00a0 \u00a0 \u00a0 \u00a0 \u00a0 [\/vc_column_text][vc_column_text]El municipio de Fazenda Rio Grande, en el a\u00f1o 2021, registr\u00f3&#8230;<\/p>\n","protected":false},"author":1,"featured_media":0,"parent":0,"menu_order":0,"comment_status":"closed","ping_status":"closed","template":"","meta":[],"_links":{"self":[{"href":"https:\/\/frgemnumeros.indespar.com.br\/es\/wp-json\/wp\/v2\/pages\/1407"}],"collection":[{"href":"https:\/\/frgemnumeros.indespar.com.br\/es\/wp-json\/wp\/v2\/pages"}],"about":[{"href":"https:\/\/frgemnumeros.indespar.com.br\/es\/wp-json\/wp\/v2\/types\/page"}],"author":[{"embeddable":true,"href":"https:\/\/frgemnumeros.indespar.com.br\/es\/wp-json\/wp\/v2\/users\/1"}],"replies":[{"embeddable":true,"href":"https:\/\/frgemnumeros.indespar.com.br\/es\/wp-json\/wp\/v2\/comments?post=1407"}],"version-history":[{"count":8,"href":"https:\/\/frgemnumeros.indespar.com.br\/es\/wp-json\/wp\/v2\/pages\/1407\/revisions"}],"predecessor-version":[{"id":2421,"href":"https:\/\/frgemnumeros.indespar.com.br\/es\/wp-json\/wp\/v2\/pages\/1407\/revisions\/2421"}],"wp:attachment":[{"href":"https:\/\/frgemnumeros.indespar.com.br\/es\/wp-json\/wp\/v2\/media?parent=1407"}],"curies":[{"name":"wp","href":"https:\/\/api.w.org\/{rel}","templated":true}]}}